{"id":3762,"date":"2025-08-25T16:38:55","date_gmt":"2025-08-25T14:38:55","guid":{"rendered":"https:\/\/vtgroup.nl\/advertencia-sitio-web-fraudulento-utiliza-nuestros-datos-empresariales\/"},"modified":"2025-08-25T16:51:48","modified_gmt":"2025-08-25T14:51:48","slug":"advertencia-sitio-web-fraudulento-utiliza-nuestros-datos-empresariales","status":"publish","type":"page","link":"https:\/\/vtgroup.nl\/es\/advertencia-sitio-web-fraudulento-utiliza-nuestros-datos-empresariales\/","title":{"rendered":"Advertencia: Sitio web fraudulento utiliza nuestros datos empresariales"},"content":{"rendered":"<p><span><\/span>[vc_row][vc_column][vc_column_text]GSR Fuels B.V. est\u00e1 registrada por VT Group (oficialmente inscrita en la C\u00e1mara de Comercio de los Pa\u00edses Bajos).<\/p>\n<p><strong>Actualmente circulan sitios web y entidades fraudulentas que se hacen pasar por nuestra empresa.<\/strong><\/p>\n<p><strong>AVISO IMPORTANTE:<\/strong><\/p>\n<ul>\n<li>Nuestro \u00fanico sitio web oficial es https:\/\/vtgroup.nl<\/li>\n<li>No tenemos otros dominios ni nombres comerciales.<\/li>\n<li>Nunca solicitamos pagos por adelantado a partes o intermediarios desconocidos.<\/li>\n<\/ul>\n<p>El sitio web gsrfuelbv.com y otros dominios similares no tienen ninguna relaci\u00f3n con nuestra empresa. Estos sitios web hacen un uso indebido de nuestro nombre, direcci\u00f3n y datos empresariales, y se utilizan con fines fraudulentos (por ejemplo, ofreciendo petr\u00f3leo barato contra pago por adelantado).<\/p>\n<p>Si ha sido contactado por una parte que dice ser GSR Fuels a trav\u00e9s de otro sitio web o direcci\u00f3n de correo electr\u00f3nico:<\/p>\n<ul>\n<li>No responda a sus solicitudes.<\/li>\n<li>No realice ning\u00fan pago.<\/li>\n<li>Informe inmediatamente a la polic\u00eda o a la Fraudehelpdesk (www.fraudehelpdesk.nl).<\/li>\n<\/ul>\n<p>Para consultas o verificaci\u00f3n, puede ponerse en contacto con nosotros directamente en:<\/p>\n<p>Correo electr\u00f3nico: wreenen@vtgroup.nl \/ Tel: +31 6 53562540<\/p>\n<p>Juntos podemos evitar que m\u00e1s personas sean v\u00edctimas de este fraude.[\/vc_column_text][\/vc_column][\/vc_row]<span><\/span><\/p>\n","protected":false},"excerpt":{"rendered":"<p>[vc_row][vc_column][vc_column_text]GSR Fuels B.V. est\u00e1 registrada por VT Group (oficialmente inscrita en la C\u00e1mara de Comercio de los Pa\u00edses Bajos). Actualmente circulan sitios web y entidades fraudulentas que se hacen pasar por nuestra empresa. AVISO IMPORTANTE: Nuestro \u00fanico sitio web oficial es https:\/\/vtgroup.nl No tenemos otros dominios ni nombres comerciales. Nunca solicitamos pagos por adelantado a&hellip;<\/p>\n","protected":false},"author":10,"featured_media":0,"parent":0,"menu_order":0,"comment_status":"closed","ping_status":"closed","template":"","meta":{"footnotes":""},"class_list":["post-3762","page","type-page","status-publish","hentry","entry","no-media"],"yoast_head":"<!-- This site is optimized with the Yoast SEO plugin v27.5 - https:\/\/yoast.com\/product\/yoast-seo-wordpress\/ -->\n<title>Advertencia: Sitio web fraudulento utiliza nuestros datos empresariales - VT Group<\/title>\n<meta name=\"robots\" content=\"index, follow, max-snippet:-1, max-image-preview:large, max-video-preview:-1\" \/>\n<link rel=\"canonical\" href=\"https:\/\/vtgroup.nl\/es\/advertencia-sitio-web-fraudulento-utiliza-nuestros-datos-empresariales\/\" \/>\n<meta property=\"og:locale\" content=\"es_ES\" \/>\n<meta property=\"og:type\" content=\"article\" \/>\n<meta property=\"og:title\" content=\"Advertencia: Sitio web fraudulento utiliza nuestros datos empresariales - VT Group\" \/>\n<meta property=\"og:description\" content=\"[vc_row][vc_column][vc_column_text]GSR Fuels B.V. est\u00e1 registrada por VT Group (oficialmente inscrita en la C\u00e1mara de Comercio de los Pa\u00edses Bajos). Actualmente circulan sitios web y entidades fraudulentas que se hacen pasar por nuestra empresa. AVISO IMPORTANTE: Nuestro \u00fanico sitio web oficial es https:\/\/vtgroup.nl No tenemos otros dominios ni nombres comerciales. Nunca solicitamos pagos por adelantado a&hellip;\" \/>\n<meta property=\"og:url\" content=\"https:\/\/vtgroup.nl\/es\/advertencia-sitio-web-fraudulento-utiliza-nuestros-datos-empresariales\/\" \/>\n<meta property=\"og:site_name\" content=\"VT Group\" \/>\n<meta property=\"article:modified_time\" content=\"2025-08-25T14:51:48+00:00\" \/>\n<meta name=\"twitter:card\" content=\"summary_large_image\" \/>\n<meta name=\"twitter:label1\" content=\"Tiempo de lectura\" \/>\n\t<meta name=\"twitter:data1\" content=\"1 minuto\" \/>\n<script type=\"application\/ld+json\" class=\"yoast-schema-graph\">{\"@context\":\"https:\\\/\\\/schema.org\",\"@graph\":[{\"@type\":\"WebPage\",\"@id\":\"https:\\\/\\\/vtgroup.nl\\\/es\\\/advertencia-sitio-web-fraudulento-utiliza-nuestros-datos-empresariales\\\/\",\"url\":\"https:\\\/\\\/vtgroup.nl\\\/es\\\/advertencia-sitio-web-fraudulento-utiliza-nuestros-datos-empresariales\\\/\",\"name\":\"Advertencia: Sitio web fraudulento utiliza nuestros datos empresariales - VT Group\",\"isPartOf\":{\"@id\":\"https:\\\/\\\/vtgroup.nl\\\/es\\\/#website\"},\"datePublished\":\"2025-08-25T14:38:55+00:00\",\"dateModified\":\"2025-08-25T14:51:48+00:00\",\"breadcrumb\":{\"@id\":\"https:\\\/\\\/vtgroup.nl\\\/es\\\/advertencia-sitio-web-fraudulento-utiliza-nuestros-datos-empresariales\\\/#breadcrumb\"},\"inLanguage\":\"es\",\"potentialAction\":[{\"@type\":\"ReadAction\",\"target\":[\"https:\\\/\\\/vtgroup.nl\\\/es\\\/advertencia-sitio-web-fraudulento-utiliza-nuestros-datos-empresariales\\\/\"]}]},{\"@type\":\"BreadcrumbList\",\"@id\":\"https:\\\/\\\/vtgroup.nl\\\/es\\\/advertencia-sitio-web-fraudulento-utiliza-nuestros-datos-empresariales\\\/#breadcrumb\",\"itemListElement\":[{\"@type\":\"ListItem\",\"position\":1,\"name\":\"Home\",\"item\":\"https:\\\/\\\/vtgroup.nl\\\/es\\\/\"},{\"@type\":\"ListItem\",\"position\":2,\"name\":\"Advertencia: Sitio web fraudulento utiliza nuestros datos empresariales\"}]},{\"@type\":\"WebSite\",\"@id\":\"https:\\\/\\\/vtgroup.nl\\\/es\\\/#website\",\"url\":\"https:\\\/\\\/vtgroup.nl\\\/es\\\/\",\"name\":\"VT Group\",\"description\":\"\",\"publisher\":{\"@id\":\"https:\\\/\\\/vtgroup.nl\\\/es\\\/#organization\"},\"potentialAction\":[{\"@type\":\"SearchAction\",\"target\":{\"@type\":\"EntryPoint\",\"urlTemplate\":\"https:\\\/\\\/vtgroup.nl\\\/es\\\/?s={search_term_string}\"},\"query-input\":{\"@type\":\"PropertyValueSpecification\",\"valueRequired\":true,\"valueName\":\"search_term_string\"}}],\"inLanguage\":\"es\"},{\"@type\":\"Organization\",\"@id\":\"https:\\\/\\\/vtgroup.nl\\\/es\\\/#organization\",\"name\":\"VT Group\",\"url\":\"https:\\\/\\\/vtgroup.nl\\\/es\\\/\",\"logo\":{\"@type\":\"ImageObject\",\"inLanguage\":\"es\",\"@id\":\"https:\\\/\\\/vtgroup.nl\\\/es\\\/#\\\/schema\\\/logo\\\/image\\\/\",\"url\":\"https:\\\/\\\/vtgroup.nl\\\/wp-content\\\/uploads\\\/2022\\\/04\\\/VTGroup-logo-white-retina.png\",\"contentUrl\":\"https:\\\/\\\/vtgroup.nl\\\/wp-content\\\/uploads\\\/2022\\\/04\\\/VTGroup-logo-white-retina.png\",\"width\":1200,\"height\":645,\"caption\":\"VT Group\"},\"image\":{\"@id\":\"https:\\\/\\\/vtgroup.nl\\\/es\\\/#\\\/schema\\\/logo\\\/image\\\/\"}}]}<\/script>\n<!-- \/ Yoast SEO plugin. -->","yoast_head_json":{"title":"Advertencia: Sitio web fraudulento utiliza nuestros datos empresariales - VT Group","robots":{"index":"index","follow":"follow","max-snippet":"max-snippet:-1","max-image-preview":"max-image-preview:large","max-video-preview":"max-video-preview:-1"},"canonical":"https:\/\/vtgroup.nl\/es\/advertencia-sitio-web-fraudulento-utiliza-nuestros-datos-empresariales\/","og_locale":"es_ES","og_type":"article","og_title":"Advertencia: Sitio web fraudulento utiliza nuestros datos empresariales - VT Group","og_description":"[vc_row][vc_column][vc_column_text]GSR Fuels B.V. est\u00e1 registrada por VT Group (oficialmente inscrita en la C\u00e1mara de Comercio de los Pa\u00edses Bajos). Actualmente circulan sitios web y entidades fraudulentas que se hacen pasar por nuestra empresa. AVISO IMPORTANTE: Nuestro \u00fanico sitio web oficial es https:\/\/vtgroup.nl No tenemos otros dominios ni nombres comerciales. Nunca solicitamos pagos por adelantado a&hellip;","og_url":"https:\/\/vtgroup.nl\/es\/advertencia-sitio-web-fraudulento-utiliza-nuestros-datos-empresariales\/","og_site_name":"VT Group","article_modified_time":"2025-08-25T14:51:48+00:00","twitter_card":"summary_large_image","twitter_misc":{"Tiempo de lectura":"1 minuto"},"schema":{"@context":"https:\/\/schema.org","@graph":[{"@type":"WebPage","@id":"https:\/\/vtgroup.nl\/es\/advertencia-sitio-web-fraudulento-utiliza-nuestros-datos-empresariales\/","url":"https:\/\/vtgroup.nl\/es\/advertencia-sitio-web-fraudulento-utiliza-nuestros-datos-empresariales\/","name":"Advertencia: Sitio web fraudulento utiliza nuestros datos empresariales - VT Group","isPartOf":{"@id":"https:\/\/vtgroup.nl\/es\/#website"},"datePublished":"2025-08-25T14:38:55+00:00","dateModified":"2025-08-25T14:51:48+00:00","breadcrumb":{"@id":"https:\/\/vtgroup.nl\/es\/advertencia-sitio-web-fraudulento-utiliza-nuestros-datos-empresariales\/#breadcrumb"},"inLanguage":"es","potentialAction":[{"@type":"ReadAction","target":["https:\/\/vtgroup.nl\/es\/advertencia-sitio-web-fraudulento-utiliza-nuestros-datos-empresariales\/"]}]},{"@type":"BreadcrumbList","@id":"https:\/\/vtgroup.nl\/es\/advertencia-sitio-web-fraudulento-utiliza-nuestros-datos-empresariales\/#breadcrumb","itemListElement":[{"@type":"ListItem","position":1,"name":"Home","item":"https:\/\/vtgroup.nl\/es\/"},{"@type":"ListItem","position":2,"name":"Advertencia: Sitio web fraudulento utiliza nuestros datos empresariales"}]},{"@type":"WebSite","@id":"https:\/\/vtgroup.nl\/es\/#website","url":"https:\/\/vtgroup.nl\/es\/","name":"VT Group","description":"","publisher":{"@id":"https:\/\/vtgroup.nl\/es\/#organization"},"potentialAction":[{"@type":"SearchAction","target":{"@type":"EntryPoint","urlTemplate":"https:\/\/vtgroup.nl\/es\/?s={search_term_string}"},"query-input":{"@type":"PropertyValueSpecification","valueRequired":true,"valueName":"search_term_string"}}],"inLanguage":"es"},{"@type":"Organization","@id":"https:\/\/vtgroup.nl\/es\/#organization","name":"VT Group","url":"https:\/\/vtgroup.nl\/es\/","logo":{"@type":"ImageObject","inLanguage":"es","@id":"https:\/\/vtgroup.nl\/es\/#\/schema\/logo\/image\/","url":"https:\/\/vtgroup.nl\/wp-content\/uploads\/2022\/04\/VTGroup-logo-white-retina.png","contentUrl":"https:\/\/vtgroup.nl\/wp-content\/uploads\/2022\/04\/VTGroup-logo-white-retina.png","width":1200,"height":645,"caption":"VT Group"},"image":{"@id":"https:\/\/vtgroup.nl\/es\/#\/schema\/logo\/image\/"}}]}},"_links":{"self":[{"href":"https:\/\/vtgroup.nl\/es\/wp-json\/wp\/v2\/pages\/3762","targetHints":{"allow":["GET"]}}],"collection":[{"href":"https:\/\/vtgroup.nl\/es\/wp-json\/wp\/v2\/pages"}],"about":[{"href":"https:\/\/vtgroup.nl\/es\/wp-json\/wp\/v2\/types\/page"}],"author":[{"embeddable":true,"href":"https:\/\/vtgroup.nl\/es\/wp-json\/wp\/v2\/users\/10"}],"replies":[{"embeddable":true,"href":"https:\/\/vtgroup.nl\/es\/wp-json\/wp\/v2\/comments?post=3762"}],"version-history":[{"count":2,"href":"https:\/\/vtgroup.nl\/es\/wp-json\/wp\/v2\/pages\/3762\/revisions"}],"predecessor-version":[{"id":3764,"href":"https:\/\/vtgroup.nl\/es\/wp-json\/wp\/v2\/pages\/3762\/revisions\/3764"}],"wp:attachment":[{"href":"https:\/\/vtgroup.nl\/es\/wp-json\/wp\/v2\/media?parent=3762"}],"curies":[{"name":"wp","href":"https:\/\/api.w.org\/{rel}","templated":true}]}}