{"id":1667,"date":"2022-04-19T13:38:27","date_gmt":"2022-04-19T11:38:27","guid":{"rendered":"https:\/\/dev.2fishes.co.za\/vtgroup\/job\/"},"modified":"2025-04-08T17:29:48","modified_gmt":"2025-04-08T15:29:48","slug":"job","status":"publish","type":"page","link":"https:\/\/vtgroup.nl\/es\/job\/","title":{"rendered":"Job"},"content":{"rendered":"[vc_row full_width=\u00bbstretch_row\u00bb wpex_bg_overlay=\u00bbdark\u00bb min_height=\u00bb650px\u00bb wpex_bg_overlay_opacity=\u00bb.15&#8243; css=\u00bb.vc_custom_1662367442298{background-image: url(https:\/\/vtgroup.nl\/wp-content\/uploads\/2022\/04\/jobs3.jpg?id=788) !important;background-position: center !important;background-repeat: no-repeat !important;background-size: cover !important;}\u00bb wpex_zindex=\u00bb-1&#8243;][vc_column][\/vc_column][\/vc_row][vc_row remove_bottom_col_margin=\u00bbtrue\u00bb css=\u00bb.vc_custom_1651217443947{margin-top: -200px !important;}\u00bb][vc_column][vc_column_text color=\u00bbpalette-31&#8243;]\n<h1>Empleos Trabajando para una empresa de petroleros independiente,<br \/>\ncon empleados comprometidos<\/h1>\n[\/vc_column_text][vc_empty_space][vc_row_inner content_placement=\u00bbbottom\u00bb][vc_column_inner width=\u00bb3\/4&#8243; css=\u00bb.vc_custom_1652779589133{margin-right: 15px !important;margin-left: 15px !important;padding-right: 35px !important;padding-left: 35px !important;background-color: #000000 !important;}\u00bb][vc_empty_space][vc_column_text color=\u00bbpalette-31&#8243;]\n<h4>VT es una empresa independiente con empleados comprometidos. Muchos han estado viviendo una existencia mar\u00edtima de generaci\u00f3n en generaci\u00f3n.<\/h4>\n[\/vc_column_text][vc_empty_space height=\u00bb15px\u00bb][vc_column_text color=\u00bbpalette-31&#8243;]VT es una empresa independiente con empleados comprometidos. Muchos han estado viviendo una existencia mar\u00edtima de generaci\u00f3n en generaci\u00f3n. A trav\u00e9s de servicios innovadores y confiables, VT ofrece un soporte \u00f3ptimo para el transporte y abastecimiento de combustible con personal altamente capacitado y un equipo impecable. VT opera principalmente en aguas europeas (\u00e1rea ARA, todos los estados del r\u00edo Rin y Suecia) y tambi\u00e9n tiene operaciones en Panam\u00e1, Espa\u00f1a y Om\u00e1n.[\/vc_column_text][vc_empty_space][\/vc_column_inner][vc_column_inner width=\u00bb1\/4&#8243; css=\u00bb.vc_custom_1652779404991{padding-left: 15px !important;}\u00bb][vc_empty_space][vc_column_text]\n<h3>Inf\u00f3rmate sobre otras posibles posiciones<\/h3>\n[\/vc_column_text][vc_empty_space]<div class=\"theme-button-wrap theme-button-expanded-wrap\"><a href=\"https:\/\/vt.devn.nl\/es\/contacto\/\" class=\"vcex-button theme-button expanded expanded\"><span class=\"theme-button-inner\">Contacta con nosotros<\/span><\/a><\/div> [\/vc_column_inner][\/vc_row_inner][\/vc_column][\/vc_row][vc_row full_width=\u00bbstretch_row\u00bb remove_bottom_col_margin=\u00bbtrue\u00bb css=\u00bb.vc_custom_1694074784664{background-color: #d0d6db !important;}\u00bb][vc_column][vc_column_text]\n<h2>Job<\/h2>\n[\/vc_column_text]<div class=\"vcex-module vcex-divider vcex-divider-solid wpex-my-15 vcex-divider-left wpex-float-left wpex-max-w-100 wpex-mx-auto wpex-block wpex-h-0 wpex-border-b wpex-border-solid wpex-border-main\" style=\"width:4%;border-bottom-width:2px;border-color:var(--wpex-palette-30-color);\"><\/div><div class=\"vcex-clear--divider wpex-clear\"><\/div>[vc_empty_space]<div class=\"vcex-module vcex-post-type-grid-wrap wpex-clr\"><div class=\"wpex-row vcex-post-type-grid entries wpex-clr match-height-grid\"><div class=\"vcex-post-type-entry vcex-grid-item wpex-clr col span_1_of_2 col-1 post-2895 entry type-vacatures no-media\"><div class=\"vcex-post-type-entry-inner entry-inner wpex-first-mt-0 wpex-last-mb-0 wpex-clr\"><div class=\"vcex-post-type-entry-details entry-details wpex-boxed wpex-first-mt-0 wpex-last-mb-0 wpex-clr\"><div class=\"match-height-content\"><h2 class=\"vcex-post-type-entry-title entry-title wpex-mb-5\" ><a href=\"https:\/\/vtgroup.nl\/es\/vacatures\/patron\/\">Patr\u00f3n<\/a><\/h2 ><div class=\"vcex-post-type-entry-excerpt entry-excerpt wpex-my-15 wpex-last-mb-0 wpex-clr\"><p>Descripci\u00f3n del trabajo El patr\u00f3n tiene un puesto directivo a bordo en el que reporta directamente al capit\u00e1n. El patr\u00f3n&hellip;<\/p><\/div><div class=\"vcex-post-type-entry-readmore-wrap entry-readmore-wrap wpex-my-15 wpex-clr\"><a href=\"https:\/\/vtgroup.nl\/es\/vacatures\/patron\/\" class=\"theme-button\" aria-label=\"Leer m\u00e1s about Patr\u00f3n\">Leer m\u00e1s<\/a><\/div><\/div><\/div><\/div><\/div><div class=\"vcex-post-type-entry vcex-grid-item wpex-clr col span_1_of_2 col-2 post-2892 entry type-vacatures no-media\"><div class=\"vcex-post-type-entry-inner entry-inner wpex-first-mt-0 wpex-last-mb-0 wpex-clr\"><div class=\"vcex-post-type-entry-details entry-details wpex-boxed wpex-first-mt-0 wpex-last-mb-0 wpex-clr\"><div class=\"match-height-content\"><h2 class=\"vcex-post-type-entry-title entry-title wpex-mb-5\" ><a href=\"https:\/\/vtgroup.nl\/es\/vacatures\/marinero\/\">Marinero<\/a><\/h2 ><div class=\"vcex-post-type-entry-excerpt entry-excerpt wpex-my-15 wpex-last-mb-0 wpex-clr\"><p>Descripci\u00f3n del trabajo El Libro de Servicios Marinero\/Marinero Completo\/Gobernante tiene una funci\u00f3n de apoyo a bordo donde reporta directamente al&hellip;<\/p><\/div><div class=\"vcex-post-type-entry-readmore-wrap entry-readmore-wrap wpex-my-15 wpex-clr\"><a href=\"https:\/\/vtgroup.nl\/es\/vacatures\/marinero\/\" class=\"theme-button\" aria-label=\"Leer m\u00e1s about Marinero\">Leer m\u00e1s<\/a><\/div><\/div><\/div><\/div><\/div><div class=\"vcex-post-type-entry vcex-grid-item wpex-clr col span_1_of_2 col-1 post-2889 entry type-vacatures no-media\"><div class=\"vcex-post-type-entry-inner entry-inner wpex-first-mt-0 wpex-last-mb-0 wpex-clr\"><div class=\"vcex-post-type-entry-details entry-details wpex-boxed wpex-first-mt-0 wpex-last-mb-0 wpex-clr\"><div class=\"match-height-content\"><h2 class=\"vcex-post-type-entry-title entry-title wpex-mb-5\" ><a href=\"https:\/\/vtgroup.nl\/es\/vacatures\/aprendiz-de-marinero\/\">Aprendiz de marinero<\/a><\/h2 ><div class=\"vcex-post-type-entry-excerpt entry-excerpt wpex-my-15 wpex-last-mb-0 wpex-clr\"><p>Descripci\u00f3n del trabajo VT es una empresa de formaci\u00f3n reconocida y un lugar adecuado para aplicar su formaci\u00f3n BBL en&hellip;<\/p><\/div><div class=\"vcex-post-type-entry-readmore-wrap entry-readmore-wrap wpex-my-15 wpex-clr\"><a href=\"https:\/\/vtgroup.nl\/es\/vacatures\/aprendiz-de-marinero\/\" class=\"theme-button\" aria-label=\"Leer m\u00e1s about Aprendiz de marinero\">Leer m\u00e1s<\/a><\/div><\/div><\/div><\/div><\/div><\/div><\/div>[\/vc_column][\/vc_row][vc_row full_width=\u00bbstretch_row\u00bb remove_bottom_col_margin=\u00bbtrue\u00bb][vc_column][vc_column_text]\n<h2>Estar inspirado<\/h2>\n[\/vc_column_text]<div class=\"vcex-module vcex-divider vcex-divider-solid wpex-my-15 vcex-divider-left wpex-float-left wpex-max-w-100 wpex-mx-auto wpex-block wpex-h-0 wpex-border-b wpex-border-solid wpex-border-main\" style=\"width:4%;border-bottom-width:2px;border-color:var(--wpex-palette-30-color);\"><\/div><div class=\"vcex-clear--divider wpex-clear\"><\/div>[vc_empty_space][vc_row_inner][vc_column_inner width=\u00bb1\/2&#8243;][vc_video link=\u00bbhttps:\/\/www.youtube.com\/watch?v=GdfAqLSgTnU\u00bb align=\u00bbcenter\u00bb][\/vc_column_inner][vc_column_inner width=\u00bb1\/2&#8243;][vc_video link=\u00bbhttps:\/\/www.youtube.com\/shorts\/LENdHeP_IM8&#8243; align=\u00bbcenter\u00bb][\/vc_column_inner][\/vc_row_inner][\/vc_column][\/vc_row]\n","protected":false},"excerpt":{"rendered":"<p>[vc_row full_width=\u00bbstretch_row\u00bb wpex_bg_overlay=\u00bbdark\u00bb min_height=\u00bb650px\u00bb wpex_bg_overlay_opacity=\u00bb.15&#8243; css=\u00bb.vc_custom_1662367442298{background-image: url(https:\/\/vtgroup.nl\/wp-content\/uploads\/2022\/04\/jobs3.jpg?id=788) !important;background-position: center !important;background-repeat: no-repeat !important;background-size: cover !important;}\u00bb wpex_zindex=\u00bb-1&#8243;][vc_column][\/vc_column][\/vc_row][vc_row remove_bottom_col_margin=\u00bbtrue\u00bb css=\u00bb.vc_custom_1651217443947{margin-top: -200px !important;}\u00bb][vc_column][vc_column_text color=\u00bbpalette-31&#8243;] Empleos Trabajando para una empresa de petroleros independiente, con empleados comprometidos [\/vc_column_text][vc_empty_space][vc_row_inner content_placement=\u00bbbottom\u00bb][vc_column_inner width=\u00bb3\/4&#8243; css=\u00bb.vc_custom_1652779589133{margin-right: 15px !important;margin-left: 15px !important;padding-right: 35px !important;padding-left: 35px !important;background-color: #000000 !important;}\u00bb][vc_empty_space][vc_column_text color=\u00bbpalette-31&#8243;] VT es una empresa independiente con empleados comprometidos. Muchos&hellip;<\/p>\n","protected":false},"author":10,"featured_media":0,"parent":0,"menu_order":0,"comment_status":"closed","ping_status":"closed","template":"","meta":{"footnotes":""},"class_list":["post-1667","page","type-page","status-publish","hentry","entry","no-media"],"yoast_head":"<!-- This site is optimized with the Yoast SEO plugin v27.4 - https:\/\/yoast.com\/product\/yoast-seo-wordpress\/ -->\n<title>Job - VT Group<\/title>\n<meta name=\"robots\" content=\"index, follow, max-snippet:-1, max-image-preview:large, max-video-preview:-1\" \/>\n<link rel=\"canonical\" href=\"https:\/\/vtgroup.nl\/es\/job\/\" \/>\n<meta property=\"og:locale\" content=\"es_ES\" \/>\n<meta property=\"og:type\" content=\"article\" \/>\n<meta property=\"og:title\" content=\"Job - VT Group\" \/>\n<meta property=\"og:description\" content=\"[vc_row full_width=\u00bbstretch_row\u00bb wpex_bg_overlay=\u00bbdark\u00bb min_height=\u00bb650px\u00bb wpex_bg_overlay_opacity=\u00bb.15&#8243; css=\u00bb.vc_custom_1662367442298{background-image: url(https:\/\/vtgroup.nl\/wp-content\/uploads\/2022\/04\/jobs3.jpg?id=788) !important;background-position: center !important;background-repeat: no-repeat !important;background-size: cover !important;}\u00bb wpex_zindex=\u00bb-1&#8243;][vc_column][\/vc_column][\/vc_row][vc_row remove_bottom_col_margin=\u00bbtrue\u00bb css=\u00bb.vc_custom_1651217443947{margin-top: -200px !important;}\u00bb][vc_column][vc_column_text color=\u00bbpalette-31&#8243;] Empleos Trabajando para una empresa de petroleros independiente, con empleados comprometidos [\/vc_column_text][vc_empty_space][vc_row_inner content_placement=\u00bbbottom\u00bb][vc_column_inner width=\u00bb3\/4&#8243; css=\u00bb.vc_custom_1652779589133{margin-right: 15px !important;margin-left: 15px !important;padding-right: 35px !important;padding-left: 35px !important;background-color: #000000 !important;}\u00bb][vc_empty_space][vc_column_text color=\u00bbpalette-31&#8243;] VT es una empresa independiente con empleados comprometidos. Muchos&hellip;\" \/>\n<meta property=\"og:url\" content=\"https:\/\/vtgroup.nl\/es\/job\/\" \/>\n<meta property=\"og:site_name\" content=\"VT Group\" \/>\n<meta property=\"article:modified_time\" content=\"2025-04-08T15:29:48+00:00\" \/>\n<meta name=\"twitter:card\" content=\"summary_large_image\" \/>\n<meta name=\"twitter:label1\" content=\"Tiempo de lectura\" \/>\n\t<meta name=\"twitter:data1\" content=\"1 minuto\" \/>\n<script type=\"application\/ld+json\" class=\"yoast-schema-graph\">{\"@context\":\"https:\\\/\\\/schema.org\",\"@graph\":[{\"@type\":\"WebPage\",\"@id\":\"https:\\\/\\\/vtgroup.nl\\\/es\\\/job\\\/\",\"url\":\"https:\\\/\\\/vtgroup.nl\\\/es\\\/job\\\/\",\"name\":\"Job - VT Group\",\"isPartOf\":{\"@id\":\"https:\\\/\\\/vtgroup.nl\\\/es\\\/#website\"},\"datePublished\":\"2022-04-19T11:38:27+00:00\",\"dateModified\":\"2025-04-08T15:29:48+00:00\",\"breadcrumb\":{\"@id\":\"https:\\\/\\\/vtgroup.nl\\\/es\\\/job\\\/#breadcrumb\"},\"inLanguage\":\"es\",\"potentialAction\":[{\"@type\":\"ReadAction\",\"target\":[\"https:\\\/\\\/vtgroup.nl\\\/es\\\/job\\\/\"]}]},{\"@type\":\"BreadcrumbList\",\"@id\":\"https:\\\/\\\/vtgroup.nl\\\/es\\\/job\\\/#breadcrumb\",\"itemListElement\":[{\"@type\":\"ListItem\",\"position\":1,\"name\":\"Home\",\"item\":\"https:\\\/\\\/vtgroup.nl\\\/es\\\/\"},{\"@type\":\"ListItem\",\"position\":2,\"name\":\"Job\"}]},{\"@type\":\"WebSite\",\"@id\":\"https:\\\/\\\/vtgroup.nl\\\/es\\\/#website\",\"url\":\"https:\\\/\\\/vtgroup.nl\\\/es\\\/\",\"name\":\"VT Group\",\"description\":\"\",\"publisher\":{\"@id\":\"https:\\\/\\\/vtgroup.nl\\\/es\\\/#organization\"},\"potentialAction\":[{\"@type\":\"SearchAction\",\"target\":{\"@type\":\"EntryPoint\",\"urlTemplate\":\"https:\\\/\\\/vtgroup.nl\\\/es\\\/?s={search_term_string}\"},\"query-input\":{\"@type\":\"PropertyValueSpecification\",\"valueRequired\":true,\"valueName\":\"search_term_string\"}}],\"inLanguage\":\"es\"},{\"@type\":\"Organization\",\"@id\":\"https:\\\/\\\/vtgroup.nl\\\/es\\\/#organization\",\"name\":\"VT Group\",\"url\":\"https:\\\/\\\/vtgroup.nl\\\/es\\\/\",\"logo\":{\"@type\":\"ImageObject\",\"inLanguage\":\"es\",\"@id\":\"https:\\\/\\\/vtgroup.nl\\\/es\\\/#\\\/schema\\\/logo\\\/image\\\/\",\"url\":\"https:\\\/\\\/vtgroup.nl\\\/wp-content\\\/uploads\\\/2022\\\/04\\\/VTGroup-logo-white-retina.png\",\"contentUrl\":\"https:\\\/\\\/vtgroup.nl\\\/wp-content\\\/uploads\\\/2022\\\/04\\\/VTGroup-logo-white-retina.png\",\"width\":1200,\"height\":645,\"caption\":\"VT Group\"},\"image\":{\"@id\":\"https:\\\/\\\/vtgroup.nl\\\/es\\\/#\\\/schema\\\/logo\\\/image\\\/\"}}]}<\/script>\n<!-- \/ Yoast SEO plugin. -->","yoast_head_json":{"title":"Job - VT Group","robots":{"index":"index","follow":"follow","max-snippet":"max-snippet:-1","max-image-preview":"max-image-preview:large","max-video-preview":"max-video-preview:-1"},"canonical":"https:\/\/vtgroup.nl\/es\/job\/","og_locale":"es_ES","og_type":"article","og_title":"Job - VT Group","og_description":"[vc_row full_width=\u00bbstretch_row\u00bb wpex_bg_overlay=\u00bbdark\u00bb min_height=\u00bb650px\u00bb wpex_bg_overlay_opacity=\u00bb.15&#8243; css=\u00bb.vc_custom_1662367442298{background-image: url(https:\/\/vtgroup.nl\/wp-content\/uploads\/2022\/04\/jobs3.jpg?id=788) !important;background-position: center !important;background-repeat: no-repeat !important;background-size: cover !important;}\u00bb wpex_zindex=\u00bb-1&#8243;][vc_column][\/vc_column][\/vc_row][vc_row remove_bottom_col_margin=\u00bbtrue\u00bb css=\u00bb.vc_custom_1651217443947{margin-top: -200px !important;}\u00bb][vc_column][vc_column_text color=\u00bbpalette-31&#8243;] Empleos Trabajando para una empresa de petroleros independiente, con empleados comprometidos [\/vc_column_text][vc_empty_space][vc_row_inner content_placement=\u00bbbottom\u00bb][vc_column_inner width=\u00bb3\/4&#8243; css=\u00bb.vc_custom_1652779589133{margin-right: 15px !important;margin-left: 15px !important;padding-right: 35px !important;padding-left: 35px !important;background-color: #000000 !important;}\u00bb][vc_empty_space][vc_column_text color=\u00bbpalette-31&#8243;] VT es una empresa independiente con empleados comprometidos. Muchos&hellip;","og_url":"https:\/\/vtgroup.nl\/es\/job\/","og_site_name":"VT Group","article_modified_time":"2025-04-08T15:29:48+00:00","twitter_card":"summary_large_image","twitter_misc":{"Tiempo de lectura":"1 minuto"},"schema":{"@context":"https:\/\/schema.org","@graph":[{"@type":"WebPage","@id":"https:\/\/vtgroup.nl\/es\/job\/","url":"https:\/\/vtgroup.nl\/es\/job\/","name":"Job - VT Group","isPartOf":{"@id":"https:\/\/vtgroup.nl\/es\/#website"},"datePublished":"2022-04-19T11:38:27+00:00","dateModified":"2025-04-08T15:29:48+00:00","breadcrumb":{"@id":"https:\/\/vtgroup.nl\/es\/job\/#breadcrumb"},"inLanguage":"es","potentialAction":[{"@type":"ReadAction","target":["https:\/\/vtgroup.nl\/es\/job\/"]}]},{"@type":"BreadcrumbList","@id":"https:\/\/vtgroup.nl\/es\/job\/#breadcrumb","itemListElement":[{"@type":"ListItem","position":1,"name":"Home","item":"https:\/\/vtgroup.nl\/es\/"},{"@type":"ListItem","position":2,"name":"Job"}]},{"@type":"WebSite","@id":"https:\/\/vtgroup.nl\/es\/#website","url":"https:\/\/vtgroup.nl\/es\/","name":"VT Group","description":"","publisher":{"@id":"https:\/\/vtgroup.nl\/es\/#organization"},"potentialAction":[{"@type":"SearchAction","target":{"@type":"EntryPoint","urlTemplate":"https:\/\/vtgroup.nl\/es\/?s={search_term_string}"},"query-input":{"@type":"PropertyValueSpecification","valueRequired":true,"valueName":"search_term_string"}}],"inLanguage":"es"},{"@type":"Organization","@id":"https:\/\/vtgroup.nl\/es\/#organization","name":"VT Group","url":"https:\/\/vtgroup.nl\/es\/","logo":{"@type":"ImageObject","inLanguage":"es","@id":"https:\/\/vtgroup.nl\/es\/#\/schema\/logo\/image\/","url":"https:\/\/vtgroup.nl\/wp-content\/uploads\/2022\/04\/VTGroup-logo-white-retina.png","contentUrl":"https:\/\/vtgroup.nl\/wp-content\/uploads\/2022\/04\/VTGroup-logo-white-retina.png","width":1200,"height":645,"caption":"VT Group"},"image":{"@id":"https:\/\/vtgroup.nl\/es\/#\/schema\/logo\/image\/"}}]}},"_links":{"self":[{"href":"https:\/\/vtgroup.nl\/es\/wp-json\/wp\/v2\/pages\/1667","targetHints":{"allow":["GET"]}}],"collection":[{"href":"https:\/\/vtgroup.nl\/es\/wp-json\/wp\/v2\/pages"}],"about":[{"href":"https:\/\/vtgroup.nl\/es\/wp-json\/wp\/v2\/types\/page"}],"author":[{"embeddable":true,"href":"https:\/\/vtgroup.nl\/es\/wp-json\/wp\/v2\/users\/10"}],"replies":[{"embeddable":true,"href":"https:\/\/vtgroup.nl\/es\/wp-json\/wp\/v2\/comments?post=1667"}],"version-history":[{"count":24,"href":"https:\/\/vtgroup.nl\/es\/wp-json\/wp\/v2\/pages\/1667\/revisions"}],"predecessor-version":[{"id":3639,"href":"https:\/\/vtgroup.nl\/es\/wp-json\/wp\/v2\/pages\/1667\/revisions\/3639"}],"wp:attachment":[{"href":"https:\/\/vtgroup.nl\/es\/wp-json\/wp\/v2\/media?parent=1667"}],"curies":[{"name":"wp","href":"https:\/\/api.w.org\/{rel}","templated":true}]}}