{"id":1636,"date":"2022-04-19T13:37:28","date_gmt":"2022-04-19T11:37:28","guid":{"rendered":"https:\/\/dev.2fishes.co.za\/vtgroup\/servicios\/"},"modified":"2023-10-03T12:32:27","modified_gmt":"2023-10-03T10:32:27","slug":"servicios","status":"publish","type":"page","link":"https:\/\/vtgroup.nl\/es\/servicios\/","title":{"rendered":"Servicios"},"content":{"rendered":"[vc_row full_width=\u00bbstretch_row\u00bb wpex_bg_overlay=\u00bbdark\u00bb min_height=\u00bb650px\u00bb css=\u00bb.vc_custom_1696329139439{background-image: url(https:\/\/vtgroup.nl\/wp-content\/uploads\/2023\/10\/20221018_132425-1.jpg?id=2968) !important;background-position: center !important;background-repeat: no-repeat !important;background-size: cover !important;}\u00bb wpex_bg_overlay_opacity=\u00bb.15&#8243; wpex_zindex=\u00bb-1&#8243;][vc_column][\/vc_column][\/vc_row][vc_row remove_bottom_col_margin=\u00bbtrue\u00bb css=\u00bb.vc_custom_1651149750633{margin-top: -200px !important;}\u00bb][vc_column][vc_column_text color=\u00bbpalette-31&#8243;]\n<h1>Especializados en transporte mar\u00edtimo,<br \/>\nabastecimiento de combustible y gesti\u00f3n de flotas<\/h1>\n[\/vc_column_text][vc_empty_space][vc_row_inner content_placement=\u00bbbottom\u00bb gap=\u00bb30&#8243;][vc_column_inner width=\u00bb3\/4&#8243; css=\u00bb.vc_custom_1662448952999{margin-right: 15px !important;margin-left: 15px !important;padding-right: 35px !important;padding-left: 35px !important;background-color: #0c99d7 !important;}\u00bb][vc_empty_space][vc_column_text color=\u00bbpalette-31&#8243;]\n<h4>Somos una naviera internacional de buques cisterna especializada en el transporte y abastecimiento de aceites minerales, productos qu\u00edmicos, (bio)combustibles y aceite lubricante.<\/h4>\n[\/vc_column_text][vc_empty_space height=\u00bb15px\u00bb][vc_column_text color=\u00bbpalette-31&#8243;]Adem\u00e1s del transporte de productos qu\u00edmicos y el suministro de combustible, tambi\u00e9n estamos especializados en la gesti\u00f3n de flotas para armadores.[\/vc_column_text][vc_empty_space][\/vc_column_inner][vc_column_inner width=\u00bb1\/4&#8243;][\/vc_column_inner][\/vc_row_inner][\/vc_column][\/vc_row][vc_row visibility=\u00bbvisible-desktop-large\u00bb][vc_column][vc_row_inner][vc_column_inner width=\u00bb1\/4&#8243;]<div class=\"vcex-module vcex-divider vcex-divider-solid vcex-divider-center wpex-float-center wpex-max-w-100 wpex-mx-auto wpex-block wpex-h-0 wpex-border-b wpex-border-solid wpex-border-main\" style=\"width:100%;border-bottom-width:12px;border-color:var(--wpex-palette-27-color);\"><\/div>[\/vc_column_inner][vc_column_inner width=\u00bb1\/4&#8243;]<div class=\"vcex-module vcex-divider vcex-divider-solid vcex-divider-center wpex-float-center wpex-max-w-100 wpex-mx-auto wpex-block wpex-h-0 wpex-border-b wpex-border-solid wpex-border-main\" style=\"width:100%;border-bottom-width:12px;border-color:var(--wpex-palette-28-color);\"><\/div>[\/vc_column_inner][vc_column_inner width=\u00bb1\/4&#8243;]<div class=\"vcex-module vcex-divider vcex-divider-solid vcex-divider-center wpex-float-center wpex-max-w-100 wpex-mx-auto wpex-block wpex-h-0 wpex-border-b wpex-border-solid wpex-border-main\" style=\"width:100%;border-bottom-width:12px;border-color:var(--wpex-palette-29-color);\"><\/div>[\/vc_column_inner][vc_column_inner width=\u00bb1\/4&#8243;]<div class=\"vcex-module vcex-divider vcex-divider-solid vcex-divider-center wpex-float-center wpex-max-w-100 wpex-mx-auto wpex-block wpex-h-0 wpex-border-b wpex-border-solid wpex-border-main\" style=\"width:100%;border-bottom-width:12px;border-color:var(--wpex-palette-30-color);\"><\/div>[\/vc_column_inner][\/vc_row_inner][\/vc_column][\/vc_row][vc_row][vc_column][vc_column_text]\n<h2><strong>abastecimiento de combustible<\/strong><\/h2>\n[\/vc_column_text]<div class=\"vcex-module vcex-divider vcex-divider-solid wpex-my-15 vcex-divider-left wpex-float-left wpex-max-w-100 wpex-mx-auto wpex-block wpex-h-0 wpex-border-b wpex-border-solid wpex-border-main\" style=\"width:4%;border-bottom-width:2px;border-color:var(--wpex-palette-30-color);\"><\/div><div class=\"vcex-clear--divider wpex-clear\"><\/div>[vc_column_text]\n<h3>VT ha sido tradicionalmente uno de los principales actores en el abastecimiento de combustible.<\/h3>\n[\/vc_column_text][vc_empty_space height=\u00bb15px\u00bb][vc_column_text]Llevamos m\u00e1s de un siglo suministrando diversos combustibles y lubricantes a grandes embarcaciones mar\u00edtimas. Desde 2016, se ha agregado a nuestra oferta la opci\u00f3n de bunker de soda c\u00e1ustica (destinada a lavadores). Ahora estamos activos en el \u00e1rea de ARA (incluyendo Vlissingen, Moerdijk e IJmuiden), as\u00ed como en Panam\u00e1, Espa\u00f1a y Om\u00e1n.<\/p>\n<p>Todos nuestros barcos est\u00e1n equipados con serpentines de calefacci\u00f3n combinados con modernos sistemas de radar para medir el contenido del tanque. Adem\u00e1s, el abastecimiento de combustible se acelera y se hace m\u00e1s seguro mediante el uso de una pluma de combustible hidr\u00e1ulico, que puede controlar r\u00e1pida y remotamente la manguera del combustible hacia los colectores.<\/p>\n<p>Siete de nuestros buques de transporte de minerales est\u00e1n equipados con un sistema de medidor de flujo m\u00e1sico certificado por el NMI.<\/p>\n<p>La combinaci\u00f3n de personal calificado, sistemas de medici\u00f3n avanzados, CCTV y software moderno garantiza transparencia y precisi\u00f3n para nuestros clientes.[\/vc_column_text][vc_empty_space][vc_row_inner equal_height=\u00bbyes\u00bb][vc_column_inner]\n\t\t\t<!-- START Services REVOLUTION SLIDER 6.6.14 --><p class=\"rs-p-wp-fix\"><\/p>\n\t\t\t<rs-module-wrap id=\"rev_slider_3_1_wrapper\" data-source=\"gallery\" style=\"visibility:hidden;background:transparent;padding:0;margin:0px auto;margin-top:0;margin-bottom:0;\">\n\t\t\t\t<rs-module id=\"rev_slider_3_1\" style=\"\" data-version=\"6.6.14\">\n\t\t\t\t\t<rs-slides style=\"overflow: hidden; position: absolute;\">\n\t\t\t\t\t\t<rs-slide style=\"position: absolute;\" data-key=\"rs-3\" data-title=\"Slide\" data-anim=\"adpr:false;\" data-in=\"o:0;\" data-out=\"a:false;\">\n\t\t\t\t\t\t\t<img decoding=\"async\" src=\"\/\/vtgroup.nl\/wp-content\/plugins\/revslider\/public\/assets\/assets\/dummy.png\" alt=\"\" title=\"Servicios\" class=\"rev-slidebg tp-rs-img rs-lazyload\" data-lazyload=\"\/\/vtgroup.nl\/wp-content\/plugins\/revslider\/public\/assets\/assets\/transparent.png\" data-no-retina>\n\t\t\t\t\t\t\t<rs-bgvideo \n\t\t\t\t\t\t\t\tdata-video=\"w:100%;h:100%;nse:false;l:true;ptimer:false;vfc:true;\"\n\t\t\t\t\t\t\t\tdata-mp4=\"\/\/vt.devn.nl\/wp-content\/uploads\/2022\/06\/VTGROUP-Bunkeren.mp4\"\n\t\t\t\t\t\t\t><\/rs-bgvideo>\n<!---->\t\t\t\t\t\t<\/rs-slide>\n\t\t\t\t\t<\/rs-slides>\n\t\t\t\t<\/rs-module>\n\t\t\t\t<script>\n\t\t\t\t\tsetREVStartSize({c: 'rev_slider_3_1',rl:[1240,1024,778,480],el:[900],gw:[1240],gh:[900],type:'hero',justify:'',layout:'fullwidth',mh:\"0\"});if (window.RS_MODULES!==undefined && window.RS_MODULES.modules!==undefined && window.RS_MODULES.modules[\"revslider31\"]!==undefined) {window.RS_MODULES.modules[\"revslider31\"].once = false;window.revapi3 = undefined;if (window.RS_MODULES.checkMinimal!==undefined) window.RS_MODULES.checkMinimal()}\n\t\t\t\t<\/script>\n\t\t\t<\/rs-module-wrap>\n\t\t\t<!-- END REVOLUTION SLIDER -->\n[\/vc_column_inner][\/vc_row_inner][\/vc_column][\/vc_row][vc_row full_width=\u00bbstretch_row\u00bb wpex_fixed_bg=\u00bbfixed\u00bb min_height=\u00bb650px\u00bb css=\u00bb.vc_custom_1696328985720{background-image: url(https:\/\/vtgroup.nl\/wp-content\/uploads\/2023\/10\/Spb-30-in-front-of-tenerife.jpg?id=2957) !important;background-position: center !important;background-repeat: no-repeat !important;background-size: cover !important;}\u00bb][vc_column][\/vc_column][\/vc_row][vc_row css=\u00bb.vc_custom_1651150248458{margin-top: -150px !important;}\u00bb][vc_column][vc_empty_space][vc_row_inner equal_height=\u00bbyes\u00bb][vc_column_inner width=\u00bb1\/4&#8243;][\/vc_column_inner][vc_column_inner width=\u00bb3\/4&#8243; css=\u00bb.vc_custom_1651150611495{padding-right: 35px !important;padding-left: 35px !important;background-color: rgba(0,0,0,0.82) !important;*background-color: rgb(0,0,0) !important;}\u00bb][vc_empty_space height=\u00bb20px\u00bb][vc_column_text color=\u00bbpalette-31&#8243;]\n<h2><strong>Transportaci\u00f3n<\/strong><\/h2>\n[\/vc_column_text]<div class=\"vcex-module vcex-divider vcex-divider-solid wpex-my-15 vcex-divider-left wpex-float-left wpex-max-w-100 wpex-mx-auto wpex-block wpex-h-0 wpex-border-b wpex-border-solid wpex-border-main\" style=\"width:4%;border-bottom-width:2px;border-color:var(--wpex-palette-31-color);\"><\/div><div class=\"vcex-clear--divider wpex-clear\"><\/div>[vc_column_text color=\u00bbpalette-31&#8243;]\n<h3>Nos encargamos del transporte de productos minerales tanto blancos como negros, biocombustibles y productos qu\u00edmicos para varias partes.<\/h3>\n[\/vc_column_text][vc_empty_space height=\u00bb15px\u00bb][vc_column_text color=\u00bbpalette-31&#8243;]Estos transportes var\u00edan seg\u00fan la ubicaci\u00f3n y, por lo general, implican el transporte de materias primas para plantas qu\u00edmicas o el traslado de productos a almacenes o refiner\u00edas.[\/vc_column_text][vc_empty_space][vc_empty_space][\/vc_column_inner][\/vc_row_inner][\/vc_column][\/vc_row][vc_row][vc_column][vc_empty_space][vc_row_inner equal_height=\u00bbyes\u00bb][vc_column_inner width=\u00bb2\/3&#8243;][vc_column_text]\n<h2><strong>Gesti\u00f3n de flotas<\/strong><\/h2>\n[\/vc_column_text]<div class=\"vcex-module vcex-divider vcex-divider-solid wpex-my-15 vcex-divider-left wpex-float-left wpex-max-w-100 wpex-mx-auto wpex-block wpex-h-0 wpex-border-b wpex-border-solid wpex-border-main\" style=\"width:4%;border-bottom-width:2px;border-color:var(--wpex-palette-30-color);\"><\/div><div class=\"vcex-clear--divider wpex-clear\"><\/div>[vc_column_text]\n<h3>VT tiene muchos a\u00f1os de experiencia en la gesti\u00f3n de flotas para armadores u otros terceros.<\/h3>\n[\/vc_column_text][vc_empty_space height=\u00bb15px\u00bb][vc_column_text]\n<h4>Podemos ofrecer a los armadores una amplia gama de servicios, consultor\u00eda y asesoramiento, gracias a nuestro conocimiento en gesti\u00f3n comercial, t\u00e9cnica, de tripulaci\u00f3n y de calidad para operaciones mar\u00edtimas:<\/h4>\n[\/vc_column_text][vc_empty_space height=\u00bb15px\u00bb]<div class=\"vcex-list_item vcex-module wpex-max-w-100 wpex-clr wpex-mb-5 || icons\"><div class=\"vcex-list-item-inner wpex-inline-flex wpex-flex-no-wrap\"><div class=\"vcex-list-item-icon wpex-mr-10\"><div class=\"vcex-icon-wrap wpex-inline-flex wpex-justify-center wpex-items-center\" style=\"color:var(--wpex-palette-27-color);\"><span class=\"ticon ticon-circle\" aria-hidden=\"true\"><\/span><\/div><\/div><div class=\"vcex-list-item-text vcex-content wpex-flex-grow\">Establecer o mejorar los sistemas de calidad.<\/div><\/div><\/div><div class=\"vcex-list_item vcex-module wpex-max-w-100 wpex-clr wpex-mb-5 || icons\"><div class=\"vcex-list-item-inner wpex-inline-flex wpex-flex-no-wrap\"><div class=\"vcex-list-item-icon wpex-mr-10\"><div class=\"vcex-icon-wrap wpex-inline-flex wpex-justify-center wpex-items-center\" style=\"color:var(--wpex-palette-28-color);\"><span class=\"ticon ticon-circle\" aria-hidden=\"true\"><\/span><\/div><\/div><div class=\"vcex-list-item-text vcex-content wpex-flex-grow\">Organizaci\u00f3n de fletamentos<\/div><\/div><\/div><div class=\"vcex-list_item vcex-module wpex-max-w-100 wpex-clr wpex-mb-5 || icons\"><div class=\"vcex-list-item-inner wpex-inline-flex wpex-flex-no-wrap\"><div class=\"vcex-list-item-icon wpex-mr-10\"><div class=\"vcex-icon-wrap wpex-inline-flex wpex-justify-center wpex-items-center\" style=\"color:var(--wpex-palette-29-color);\"><span class=\"ticon ticon-circle\" aria-hidden=\"true\"><\/span><\/div><\/div><div class=\"vcex-list-item-text vcex-content wpex-flex-grow\">Supervisi\u00f3n de obra nueva<\/div><\/div><\/div><div class=\"vcex-list_item vcex-module wpex-max-w-100 wpex-clr wpex-mb-5 || icons\"><div class=\"vcex-list-item-inner wpex-inline-flex wpex-flex-no-wrap\"><div class=\"vcex-list-item-icon wpex-mr-10\"><div class=\"vcex-icon-wrap wpex-inline-flex wpex-justify-center wpex-items-center\" style=\"color:var(--wpex-palette-32-color);\"><span class=\"ticon ticon-circle\" aria-hidden=\"true\"><\/span><\/div><\/div><div class=\"vcex-list-item-text vcex-content wpex-flex-grow\">Contrataci\u00f3n, formaci\u00f3n y despliegue de personal<\/div><\/div><\/div><div class=\"vcex-list_item vcex-module wpex-max-w-100 wpex-clr wpex-mb-5 || icons\"><div class=\"vcex-list-item-inner wpex-inline-flex wpex-flex-no-wrap\"><div class=\"vcex-list-item-icon wpex-mr-10\"><div class=\"vcex-icon-wrap wpex-inline-flex wpex-justify-center wpex-items-center\" style=\"color:var(--wpex-palette-30-color);\"><span class=\"ticon ticon-circle\" aria-hidden=\"true\"><\/span><\/div><\/div><div class=\"vcex-list-item-text vcex-content wpex-flex-grow\">Monitoreo y ejecuci\u00f3n de programas de reparaci\u00f3n y mantenimiento<\/div><\/div><\/div>[\/vc_column_inner][vc_column_inner width=\u00bb1\/3&#8243;][\/vc_column_inner][\/vc_row_inner][\/vc_column][\/vc_row]\n","protected":false},"excerpt":{"rendered":"<p>[vc_row full_width=\u00bbstretch_row\u00bb wpex_bg_overlay=\u00bbdark\u00bb min_height=\u00bb650px\u00bb css=\u00bb.vc_custom_1696329139439{background-image: url(https:\/\/vtgroup.nl\/wp-content\/uploads\/2023\/10\/20221018_132425-1.jpg?id=2968) !important;background-position: center !important;background-repeat: no-repeat !important;background-size: cover !important;}\u00bb wpex_bg_overlay_opacity=\u00bb.15&#8243; wpex_zindex=\u00bb-1&#8243;][vc_column][\/vc_column][\/vc_row][vc_row remove_bottom_col_margin=\u00bbtrue\u00bb css=\u00bb.vc_custom_1651149750633{margin-top: -200px !important;}\u00bb][vc_column][vc_column_text color=\u00bbpalette-31&#8243;] Especializados en transporte mar\u00edtimo, abastecimiento de combustible y gesti\u00f3n de flotas [\/vc_column_text][vc_empty_space][vc_row_inner content_placement=\u00bbbottom\u00bb gap=\u00bb30&#8243;][vc_column_inner width=\u00bb3\/4&#8243; css=\u00bb.vc_custom_1662448952999{margin-right: 15px !important;margin-left: 15px !important;padding-right: 35px !important;padding-left: 35px !important;background-color: #0c99d7 !important;}\u00bb][vc_empty_space][vc_column_text color=\u00bbpalette-31&#8243;] Somos una naviera internacional de buques cisterna especializada&hellip;<\/p>\n","protected":false},"author":10,"featured_media":0,"parent":0,"menu_order":0,"comment_status":"closed","ping_status":"closed","template":"","meta":{"footnotes":""},"class_list":["post-1636","page","type-page","status-publish","hentry","entry","no-media"],"yoast_head":"<!-- This site is optimized with the Yoast SEO plugin v27.3 - https:\/\/yoast.com\/product\/yoast-seo-wordpress\/ -->\n<title>Servicios - VT Group<\/title>\n<meta name=\"robots\" content=\"index, follow, max-snippet:-1, max-image-preview:large, max-video-preview:-1\" \/>\n<link rel=\"canonical\" href=\"https:\/\/vtgroup.nl\/es\/servicios\/\" \/>\n<meta property=\"og:locale\" content=\"es_ES\" \/>\n<meta property=\"og:type\" content=\"article\" \/>\n<meta property=\"og:title\" content=\"Servicios - VT Group\" \/>\n<meta property=\"og:description\" content=\"[vc_row full_width=\u00bbstretch_row\u00bb wpex_bg_overlay=\u00bbdark\u00bb min_height=\u00bb650px\u00bb css=\u00bb.vc_custom_1696329139439{background-image: url(https:\/\/vtgroup.nl\/wp-content\/uploads\/2023\/10\/20221018_132425-1.jpg?id=2968) !important;background-position: center !important;background-repeat: no-repeat !important;background-size: cover !important;}\u00bb wpex_bg_overlay_opacity=\u00bb.15&#8243; wpex_zindex=\u00bb-1&#8243;][vc_column][\/vc_column][\/vc_row][vc_row remove_bottom_col_margin=\u00bbtrue\u00bb css=\u00bb.vc_custom_1651149750633{margin-top: -200px !important;}\u00bb][vc_column][vc_column_text color=\u00bbpalette-31&#8243;] Especializados en transporte mar\u00edtimo, abastecimiento de combustible y gesti\u00f3n de flotas [\/vc_column_text][vc_empty_space][vc_row_inner content_placement=\u00bbbottom\u00bb gap=\u00bb30&#8243;][vc_column_inner width=\u00bb3\/4&#8243; css=\u00bb.vc_custom_1662448952999{margin-right: 15px !important;margin-left: 15px !important;padding-right: 35px !important;padding-left: 35px !important;background-color: #0c99d7 !important;}\u00bb][vc_empty_space][vc_column_text color=\u00bbpalette-31&#8243;] Somos una naviera internacional de buques cisterna especializada&hellip;\" \/>\n<meta property=\"og:url\" content=\"https:\/\/vtgroup.nl\/es\/servicios\/\" \/>\n<meta property=\"og:site_name\" content=\"VT Group\" \/>\n<meta property=\"article:modified_time\" content=\"2023-10-03T10:32:27+00:00\" \/>\n<meta name=\"twitter:card\" content=\"summary_large_image\" \/>\n<meta name=\"twitter:label1\" content=\"Tiempo de lectura\" \/>\n\t<meta name=\"twitter:data1\" content=\"3 minutos\" \/>\n<script type=\"application\/ld+json\" class=\"yoast-schema-graph\">{\"@context\":\"https:\\\/\\\/schema.org\",\"@graph\":[{\"@type\":\"WebPage\",\"@id\":\"https:\\\/\\\/vtgroup.nl\\\/es\\\/servicios\\\/\",\"url\":\"https:\\\/\\\/vtgroup.nl\\\/es\\\/servicios\\\/\",\"name\":\"Servicios - VT Group\",\"isPartOf\":{\"@id\":\"https:\\\/\\\/vtgroup.nl\\\/es\\\/#website\"},\"datePublished\":\"2022-04-19T11:37:28+00:00\",\"dateModified\":\"2023-10-03T10:32:27+00:00\",\"breadcrumb\":{\"@id\":\"https:\\\/\\\/vtgroup.nl\\\/es\\\/servicios\\\/#breadcrumb\"},\"inLanguage\":\"es\",\"potentialAction\":[{\"@type\":\"ReadAction\",\"target\":[\"https:\\\/\\\/vtgroup.nl\\\/es\\\/servicios\\\/\"]}]},{\"@type\":\"BreadcrumbList\",\"@id\":\"https:\\\/\\\/vtgroup.nl\\\/es\\\/servicios\\\/#breadcrumb\",\"itemListElement\":[{\"@type\":\"ListItem\",\"position\":1,\"name\":\"Home\",\"item\":\"https:\\\/\\\/vtgroup.nl\\\/es\\\/\"},{\"@type\":\"ListItem\",\"position\":2,\"name\":\"Servicios\"}]},{\"@type\":\"WebSite\",\"@id\":\"https:\\\/\\\/vtgroup.nl\\\/es\\\/#website\",\"url\":\"https:\\\/\\\/vtgroup.nl\\\/es\\\/\",\"name\":\"VT Group\",\"description\":\"\",\"publisher\":{\"@id\":\"https:\\\/\\\/vtgroup.nl\\\/es\\\/#organization\"},\"potentialAction\":[{\"@type\":\"SearchAction\",\"target\":{\"@type\":\"EntryPoint\",\"urlTemplate\":\"https:\\\/\\\/vtgroup.nl\\\/es\\\/?s={search_term_string}\"},\"query-input\":{\"@type\":\"PropertyValueSpecification\",\"valueRequired\":true,\"valueName\":\"search_term_string\"}}],\"inLanguage\":\"es\"},{\"@type\":\"Organization\",\"@id\":\"https:\\\/\\\/vtgroup.nl\\\/es\\\/#organization\",\"name\":\"VT Group\",\"url\":\"https:\\\/\\\/vtgroup.nl\\\/es\\\/\",\"logo\":{\"@type\":\"ImageObject\",\"inLanguage\":\"es\",\"@id\":\"https:\\\/\\\/vtgroup.nl\\\/es\\\/#\\\/schema\\\/logo\\\/image\\\/\",\"url\":\"https:\\\/\\\/vtgroup.nl\\\/wp-content\\\/uploads\\\/2022\\\/04\\\/VTGroup-logo-white-retina.png\",\"contentUrl\":\"https:\\\/\\\/vtgroup.nl\\\/wp-content\\\/uploads\\\/2022\\\/04\\\/VTGroup-logo-white-retina.png\",\"width\":1200,\"height\":645,\"caption\":\"VT Group\"},\"image\":{\"@id\":\"https:\\\/\\\/vtgroup.nl\\\/es\\\/#\\\/schema\\\/logo\\\/image\\\/\"}}]}<\/script>\n<!-- \/ Yoast SEO plugin. -->","yoast_head_json":{"title":"Servicios - VT Group","robots":{"index":"index","follow":"follow","max-snippet":"max-snippet:-1","max-image-preview":"max-image-preview:large","max-video-preview":"max-video-preview:-1"},"canonical":"https:\/\/vtgroup.nl\/es\/servicios\/","og_locale":"es_ES","og_type":"article","og_title":"Servicios - VT Group","og_description":"[vc_row full_width=\u00bbstretch_row\u00bb wpex_bg_overlay=\u00bbdark\u00bb min_height=\u00bb650px\u00bb css=\u00bb.vc_custom_1696329139439{background-image: url(https:\/\/vtgroup.nl\/wp-content\/uploads\/2023\/10\/20221018_132425-1.jpg?id=2968) !important;background-position: center !important;background-repeat: no-repeat !important;background-size: cover !important;}\u00bb wpex_bg_overlay_opacity=\u00bb.15&#8243; wpex_zindex=\u00bb-1&#8243;][vc_column][\/vc_column][\/vc_row][vc_row remove_bottom_col_margin=\u00bbtrue\u00bb css=\u00bb.vc_custom_1651149750633{margin-top: -200px !important;}\u00bb][vc_column][vc_column_text color=\u00bbpalette-31&#8243;] Especializados en transporte mar\u00edtimo, abastecimiento de combustible y gesti\u00f3n de flotas [\/vc_column_text][vc_empty_space][vc_row_inner content_placement=\u00bbbottom\u00bb gap=\u00bb30&#8243;][vc_column_inner width=\u00bb3\/4&#8243; css=\u00bb.vc_custom_1662448952999{margin-right: 15px !important;margin-left: 15px !important;padding-right: 35px !important;padding-left: 35px !important;background-color: #0c99d7 !important;}\u00bb][vc_empty_space][vc_column_text color=\u00bbpalette-31&#8243;] Somos una naviera internacional de buques cisterna especializada&hellip;","og_url":"https:\/\/vtgroup.nl\/es\/servicios\/","og_site_name":"VT Group","article_modified_time":"2023-10-03T10:32:27+00:00","twitter_card":"summary_large_image","twitter_misc":{"Tiempo de lectura":"3 minutos"},"schema":{"@context":"https:\/\/schema.org","@graph":[{"@type":"WebPage","@id":"https:\/\/vtgroup.nl\/es\/servicios\/","url":"https:\/\/vtgroup.nl\/es\/servicios\/","name":"Servicios - VT Group","isPartOf":{"@id":"https:\/\/vtgroup.nl\/es\/#website"},"datePublished":"2022-04-19T11:37:28+00:00","dateModified":"2023-10-03T10:32:27+00:00","breadcrumb":{"@id":"https:\/\/vtgroup.nl\/es\/servicios\/#breadcrumb"},"inLanguage":"es","potentialAction":[{"@type":"ReadAction","target":["https:\/\/vtgroup.nl\/es\/servicios\/"]}]},{"@type":"BreadcrumbList","@id":"https:\/\/vtgroup.nl\/es\/servicios\/#breadcrumb","itemListElement":[{"@type":"ListItem","position":1,"name":"Home","item":"https:\/\/vtgroup.nl\/es\/"},{"@type":"ListItem","position":2,"name":"Servicios"}]},{"@type":"WebSite","@id":"https:\/\/vtgroup.nl\/es\/#website","url":"https:\/\/vtgroup.nl\/es\/","name":"VT Group","description":"","publisher":{"@id":"https:\/\/vtgroup.nl\/es\/#organization"},"potentialAction":[{"@type":"SearchAction","target":{"@type":"EntryPoint","urlTemplate":"https:\/\/vtgroup.nl\/es\/?s={search_term_string}"},"query-input":{"@type":"PropertyValueSpecification","valueRequired":true,"valueName":"search_term_string"}}],"inLanguage":"es"},{"@type":"Organization","@id":"https:\/\/vtgroup.nl\/es\/#organization","name":"VT Group","url":"https:\/\/vtgroup.nl\/es\/","logo":{"@type":"ImageObject","inLanguage":"es","@id":"https:\/\/vtgroup.nl\/es\/#\/schema\/logo\/image\/","url":"https:\/\/vtgroup.nl\/wp-content\/uploads\/2022\/04\/VTGroup-logo-white-retina.png","contentUrl":"https:\/\/vtgroup.nl\/wp-content\/uploads\/2022\/04\/VTGroup-logo-white-retina.png","width":1200,"height":645,"caption":"VT Group"},"image":{"@id":"https:\/\/vtgroup.nl\/es\/#\/schema\/logo\/image\/"}}]}},"_links":{"self":[{"href":"https:\/\/vtgroup.nl\/es\/wp-json\/wp\/v2\/pages\/1636","targetHints":{"allow":["GET"]}}],"collection":[{"href":"https:\/\/vtgroup.nl\/es\/wp-json\/wp\/v2\/pages"}],"about":[{"href":"https:\/\/vtgroup.nl\/es\/wp-json\/wp\/v2\/types\/page"}],"author":[{"embeddable":true,"href":"https:\/\/vtgroup.nl\/es\/wp-json\/wp\/v2\/users\/10"}],"replies":[{"embeddable":true,"href":"https:\/\/vtgroup.nl\/es\/wp-json\/wp\/v2\/comments?post=1636"}],"version-history":[{"count":10,"href":"https:\/\/vtgroup.nl\/es\/wp-json\/wp\/v2\/pages\/1636\/revisions"}],"predecessor-version":[{"id":2972,"href":"https:\/\/vtgroup.nl\/es\/wp-json\/wp\/v2\/pages\/1636\/revisions\/2972"}],"wp:attachment":[{"href":"https:\/\/vtgroup.nl\/es\/wp-json\/wp\/v2\/media?parent=1636"}],"curies":[{"name":"wp","href":"https:\/\/api.w.org\/{rel}","templated":true}]}}