{"id":3759,"date":"2025-08-25T16:38:55","date_gmt":"2025-08-25T14:38:55","guid":{"rendered":"https:\/\/vtgroup.nl\/warnung-betruegerische-website-nutzt-unsere-firmendaten\/"},"modified":"2025-08-25T16:50:15","modified_gmt":"2025-08-25T14:50:15","slug":"warnung-betruegerische-website-nutzt-unsere-firmendaten","status":"publish","type":"page","link":"https:\/\/vtgroup.nl\/de\/warnung-betruegerische-website-nutzt-unsere-firmendaten\/","title":{"rendered":"Warnung: Betr\u00fcgerische Website nutzt unsere Firmendaten"},"content":{"rendered":"[vc_row][vc_column][vc_column_text]GSR Fuels B.V. ist bei der VT Group registriert (offiziell eingetragen bei der Handelskammer in den Niederlanden).<\/p>\n<p><strong>Derzeit sind betr\u00fcgerische Websites und Parteien im Umlauf, die sich als unser Unternehmen ausgeben.<\/strong><\/p>\n<p><strong>WICHTIGER HINWEIS:<\/strong><\/p>\n<ul>\n<li>Unsere einzige offizielle Website ist https:\/\/vtgroup.nl<\/li>\n<li>Wir haben keine weiteren Domains oder Handelsnamen.<\/li>\n<li>Wir fordern niemals Vorauszahlungen von unbekannten Parteien oder H\u00e4ndlern.<\/li>\n<\/ul>\n<p>Die Website gsrfuelbv.com und \u00e4hnliche Domains stehen in keinem Zusammenhang mit unserem Unternehmen. Diese Seiten missbrauchen unseren Namen, unsere Adresse und Unternehmensdaten und werden f\u00fcr Betrugszwecke verwendet (z. B. Angebot von billigem \u00d6l gegen Vorauszahlung).<\/p>\n<p>Falls Sie von einer Partei kontaktiert wurden, die sich \u00fcber eine andere Website oder E-Mail-Adresse als GSR Fuels ausgibt:<\/p>\n<ul>\n<li>Gehen Sie nicht auf deren Anfragen ein.<\/li>\n<li>Leisten Sie keine Zahlungen.<\/li>\n<li>Melden Sie den Vorfall umgehend bei der Polizei oder bei der Fraudehelpdesk (www.fraudehelpdesk.nl).<\/li>\n<\/ul>\n<p>F\u00fcr Fragen oder zur \u00dcberpr\u00fcfung k\u00f6nnen Sie uns direkt kontaktieren unter:<\/p>\n<p>E-Mail: wreenen@vtgroup.nl \/ Tel: +31 6 53562540<\/p>\n<p>Gemeinsam k\u00f6nnen wir verhindern, dass weitere Parteien Opfer dieses Betrugs werden.[\/vc_column_text][\/vc_column][\/vc_row]\n","protected":false},"excerpt":{"rendered":"<p>[vc_row][vc_column][vc_column_text]GSR Fuels B.V. ist bei der VT Group registriert (offiziell eingetragen bei der Handelskammer in den Niederlanden). Derzeit sind betr\u00fcgerische Websites und Parteien im Umlauf, die sich als unser Unternehmen ausgeben. WICHTIGER HINWEIS: Unsere einzige offizielle Website ist https:\/\/vtgroup.nl Wir haben keine weiteren Domains oder Handelsnamen. Wir fordern niemals Vorauszahlungen von unbekannten Parteien oder H\u00e4ndlern.&hellip;<\/p>\n","protected":false},"author":10,"featured_media":0,"parent":0,"menu_order":0,"comment_status":"closed","ping_status":"closed","template":"","meta":{"footnotes":""},"class_list":["post-3759","page","type-page","status-publish","hentry","entry","no-media"],"yoast_head":"<!-- This site is optimized with the Yoast SEO plugin v27.5 - https:\/\/yoast.com\/product\/yoast-seo-wordpress\/ -->\n<title>Warnung: Betr\u00fcgerische Website nutzt unsere Firmendaten - VT Group<\/title>\n<meta name=\"robots\" content=\"index, follow, max-snippet:-1, max-image-preview:large, max-video-preview:-1\" \/>\n<link rel=\"canonical\" href=\"https:\/\/vtgroup.nl\/de\/warnung-betruegerische-website-nutzt-unsere-firmendaten\/\" \/>\n<meta property=\"og:locale\" content=\"de_DE\" \/>\n<meta property=\"og:type\" content=\"article\" \/>\n<meta property=\"og:title\" content=\"Warnung: Betr\u00fcgerische Website nutzt unsere Firmendaten - VT Group\" \/>\n<meta property=\"og:description\" content=\"[vc_row][vc_column][vc_column_text]GSR Fuels B.V. ist bei der VT Group registriert (offiziell eingetragen bei der Handelskammer in den Niederlanden). Derzeit sind betr\u00fcgerische Websites und Parteien im Umlauf, die sich als unser Unternehmen ausgeben. WICHTIGER HINWEIS: Unsere einzige offizielle Website ist https:\/\/vtgroup.nl Wir haben keine weiteren Domains oder Handelsnamen. Wir fordern niemals Vorauszahlungen von unbekannten Parteien oder H\u00e4ndlern.&hellip;\" \/>\n<meta property=\"og:url\" content=\"https:\/\/vtgroup.nl\/de\/warnung-betruegerische-website-nutzt-unsere-firmendaten\/\" \/>\n<meta property=\"og:site_name\" content=\"VT Group\" \/>\n<meta property=\"article:modified_time\" content=\"2025-08-25T14:50:15+00:00\" \/>\n<meta name=\"twitter:card\" content=\"summary_large_image\" \/>\n<meta name=\"twitter:label1\" content=\"Gesch\u00e4tzte Lesezeit\" \/>\n\t<meta name=\"twitter:data1\" content=\"1\u00a0Minute\" \/>\n<script type=\"application\/ld+json\" class=\"yoast-schema-graph\">{\"@context\":\"https:\\\/\\\/schema.org\",\"@graph\":[{\"@type\":\"WebPage\",\"@id\":\"https:\\\/\\\/vtgroup.nl\\\/de\\\/warnung-betruegerische-website-nutzt-unsere-firmendaten\\\/\",\"url\":\"https:\\\/\\\/vtgroup.nl\\\/de\\\/warnung-betruegerische-website-nutzt-unsere-firmendaten\\\/\",\"name\":\"Warnung: Betr\u00fcgerische Website nutzt unsere Firmendaten - VT Group\",\"isPartOf\":{\"@id\":\"https:\\\/\\\/vtgroup.nl\\\/de\\\/#website\"},\"datePublished\":\"2025-08-25T14:38:55+00:00\",\"dateModified\":\"2025-08-25T14:50:15+00:00\",\"breadcrumb\":{\"@id\":\"https:\\\/\\\/vtgroup.nl\\\/de\\\/warnung-betruegerische-website-nutzt-unsere-firmendaten\\\/#breadcrumb\"},\"inLanguage\":\"de\",\"potentialAction\":[{\"@type\":\"ReadAction\",\"target\":[\"https:\\\/\\\/vtgroup.nl\\\/de\\\/warnung-betruegerische-website-nutzt-unsere-firmendaten\\\/\"]}]},{\"@type\":\"BreadcrumbList\",\"@id\":\"https:\\\/\\\/vtgroup.nl\\\/de\\\/warnung-betruegerische-website-nutzt-unsere-firmendaten\\\/#breadcrumb\",\"itemListElement\":[{\"@type\":\"ListItem\",\"position\":1,\"name\":\"Home\",\"item\":\"https:\\\/\\\/vtgroup.nl\\\/de\\\/\"},{\"@type\":\"ListItem\",\"position\":2,\"name\":\"Warnung: Betr\u00fcgerische Website nutzt unsere Firmendaten\"}]},{\"@type\":\"WebSite\",\"@id\":\"https:\\\/\\\/vtgroup.nl\\\/de\\\/#website\",\"url\":\"https:\\\/\\\/vtgroup.nl\\\/de\\\/\",\"name\":\"VT Group\",\"description\":\"\",\"publisher\":{\"@id\":\"https:\\\/\\\/vtgroup.nl\\\/de\\\/#organization\"},\"potentialAction\":[{\"@type\":\"SearchAction\",\"target\":{\"@type\":\"EntryPoint\",\"urlTemplate\":\"https:\\\/\\\/vtgroup.nl\\\/de\\\/?s={search_term_string}\"},\"query-input\":{\"@type\":\"PropertyValueSpecification\",\"valueRequired\":true,\"valueName\":\"search_term_string\"}}],\"inLanguage\":\"de\"},{\"@type\":\"Organization\",\"@id\":\"https:\\\/\\\/vtgroup.nl\\\/de\\\/#organization\",\"name\":\"VT Group\",\"url\":\"https:\\\/\\\/vtgroup.nl\\\/de\\\/\",\"logo\":{\"@type\":\"ImageObject\",\"inLanguage\":\"de\",\"@id\":\"https:\\\/\\\/vtgroup.nl\\\/de\\\/#\\\/schema\\\/logo\\\/image\\\/\",\"url\":\"https:\\\/\\\/vtgroup.nl\\\/wp-content\\\/uploads\\\/2022\\\/04\\\/VTGroup-logo-white-retina.png\",\"contentUrl\":\"https:\\\/\\\/vtgroup.nl\\\/wp-content\\\/uploads\\\/2022\\\/04\\\/VTGroup-logo-white-retina.png\",\"width\":1200,\"height\":645,\"caption\":\"VT Group\"},\"image\":{\"@id\":\"https:\\\/\\\/vtgroup.nl\\\/de\\\/#\\\/schema\\\/logo\\\/image\\\/\"}}]}<\/script>\n<!-- \/ Yoast SEO plugin. -->","yoast_head_json":{"title":"Warnung: Betr\u00fcgerische Website nutzt unsere Firmendaten - VT Group","robots":{"index":"index","follow":"follow","max-snippet":"max-snippet:-1","max-image-preview":"max-image-preview:large","max-video-preview":"max-video-preview:-1"},"canonical":"https:\/\/vtgroup.nl\/de\/warnung-betruegerische-website-nutzt-unsere-firmendaten\/","og_locale":"de_DE","og_type":"article","og_title":"Warnung: Betr\u00fcgerische Website nutzt unsere Firmendaten - VT Group","og_description":"[vc_row][vc_column][vc_column_text]GSR Fuels B.V. ist bei der VT Group registriert (offiziell eingetragen bei der Handelskammer in den Niederlanden). Derzeit sind betr\u00fcgerische Websites und Parteien im Umlauf, die sich als unser Unternehmen ausgeben. WICHTIGER HINWEIS: Unsere einzige offizielle Website ist https:\/\/vtgroup.nl Wir haben keine weiteren Domains oder Handelsnamen. Wir fordern niemals Vorauszahlungen von unbekannten Parteien oder H\u00e4ndlern.&hellip;","og_url":"https:\/\/vtgroup.nl\/de\/warnung-betruegerische-website-nutzt-unsere-firmendaten\/","og_site_name":"VT Group","article_modified_time":"2025-08-25T14:50:15+00:00","twitter_card":"summary_large_image","twitter_misc":{"Gesch\u00e4tzte Lesezeit":"1\u00a0Minute"},"schema":{"@context":"https:\/\/schema.org","@graph":[{"@type":"WebPage","@id":"https:\/\/vtgroup.nl\/de\/warnung-betruegerische-website-nutzt-unsere-firmendaten\/","url":"https:\/\/vtgroup.nl\/de\/warnung-betruegerische-website-nutzt-unsere-firmendaten\/","name":"Warnung: Betr\u00fcgerische Website nutzt unsere Firmendaten - VT Group","isPartOf":{"@id":"https:\/\/vtgroup.nl\/de\/#website"},"datePublished":"2025-08-25T14:38:55+00:00","dateModified":"2025-08-25T14:50:15+00:00","breadcrumb":{"@id":"https:\/\/vtgroup.nl\/de\/warnung-betruegerische-website-nutzt-unsere-firmendaten\/#breadcrumb"},"inLanguage":"de","potentialAction":[{"@type":"ReadAction","target":["https:\/\/vtgroup.nl\/de\/warnung-betruegerische-website-nutzt-unsere-firmendaten\/"]}]},{"@type":"BreadcrumbList","@id":"https:\/\/vtgroup.nl\/de\/warnung-betruegerische-website-nutzt-unsere-firmendaten\/#breadcrumb","itemListElement":[{"@type":"ListItem","position":1,"name":"Home","item":"https:\/\/vtgroup.nl\/de\/"},{"@type":"ListItem","position":2,"name":"Warnung: Betr\u00fcgerische Website nutzt unsere Firmendaten"}]},{"@type":"WebSite","@id":"https:\/\/vtgroup.nl\/de\/#website","url":"https:\/\/vtgroup.nl\/de\/","name":"VT Group","description":"","publisher":{"@id":"https:\/\/vtgroup.nl\/de\/#organization"},"potentialAction":[{"@type":"SearchAction","target":{"@type":"EntryPoint","urlTemplate":"https:\/\/vtgroup.nl\/de\/?s={search_term_string}"},"query-input":{"@type":"PropertyValueSpecification","valueRequired":true,"valueName":"search_term_string"}}],"inLanguage":"de"},{"@type":"Organization","@id":"https:\/\/vtgroup.nl\/de\/#organization","name":"VT Group","url":"https:\/\/vtgroup.nl\/de\/","logo":{"@type":"ImageObject","inLanguage":"de","@id":"https:\/\/vtgroup.nl\/de\/#\/schema\/logo\/image\/","url":"https:\/\/vtgroup.nl\/wp-content\/uploads\/2022\/04\/VTGroup-logo-white-retina.png","contentUrl":"https:\/\/vtgroup.nl\/wp-content\/uploads\/2022\/04\/VTGroup-logo-white-retina.png","width":1200,"height":645,"caption":"VT Group"},"image":{"@id":"https:\/\/vtgroup.nl\/de\/#\/schema\/logo\/image\/"}}]}},"_links":{"self":[{"href":"https:\/\/vtgroup.nl\/de\/wp-json\/wp\/v2\/pages\/3759","targetHints":{"allow":["GET"]}}],"collection":[{"href":"https:\/\/vtgroup.nl\/de\/wp-json\/wp\/v2\/pages"}],"about":[{"href":"https:\/\/vtgroup.nl\/de\/wp-json\/wp\/v2\/types\/page"}],"author":[{"embeddable":true,"href":"https:\/\/vtgroup.nl\/de\/wp-json\/wp\/v2\/users\/10"}],"replies":[{"embeddable":true,"href":"https:\/\/vtgroup.nl\/de\/wp-json\/wp\/v2\/comments?post=3759"}],"version-history":[{"count":2,"href":"https:\/\/vtgroup.nl\/de\/wp-json\/wp\/v2\/pages\/3759\/revisions"}],"predecessor-version":[{"id":3761,"href":"https:\/\/vtgroup.nl\/de\/wp-json\/wp\/v2\/pages\/3759\/revisions\/3761"}],"wp:attachment":[{"href":"https:\/\/vtgroup.nl\/de\/wp-json\/wp\/v2\/media?parent=3759"}],"curies":[{"name":"wp","href":"https:\/\/api.w.org\/{rel}","templated":true}]}}