{"id":1664,"date":"2022-04-19T13:38:27","date_gmt":"2022-04-19T11:38:27","guid":{"rendered":"https:\/\/dev.2fishes.co.za\/vtgroup\/job\/"},"modified":"2024-07-29T13:12:22","modified_gmt":"2024-07-29T11:12:22","slug":"job","status":"publish","type":"page","link":"https:\/\/vtgroup.nl\/de\/job\/","title":{"rendered":"Job"},"content":{"rendered":"[vc_row full_width=&#8220;stretch_row&#8220; wpex_bg_overlay=&#8220;dark&#8220; min_height=&#8220;650px&#8220; wpex_bg_overlay_opacity=&#8220;.15&#8243; css=&#8220;.vc_custom_1662367442298{background-image: url(https:\/\/vtgroup.nl\/wp-content\/uploads\/2022\/04\/jobs3.jpg?id=788) !important;background-position: center !important;background-repeat: no-repeat !important;background-size: cover !important;}&#8220; wpex_zindex=&#8220;-1&#8243;][vc_column][\/vc_column][\/vc_row][vc_row remove_bottom_col_margin=&#8220;true&#8220; css=&#8220;.vc_custom_1651217443947{margin-top: -200px !important;}&#8220;][vc_column][vc_column_text color=&#8220;palette-31&#8243;]\n<h1><strong>Arbeiten bei einem unabh\u00e4ngigen Tankschifffahrtsunternehmen stark,<br \/>\n<\/strong> <strong>mit engagierten Mitarbeitern<\/strong><\/h1>\n[\/vc_column_text][vc_empty_space][vc_row_inner content_placement=&#8220;bottom&#8220;][vc_column_inner width=&#8220;3\/4&#8243; css=&#8220;.vc_custom_1652779589133{margin-right: 15px !important;margin-left: 15px !important;padding-right: 35px !important;padding-left: 35px !important;background-color: #000000 !important;}&#8220;][vc_empty_space][vc_column_text color=&#8220;palette-31&#8243;]\n<h4>VT ist ein unabh\u00e4ngiges Unternehmen mit engagierten Mitarbeitern. Viele leben von Generation zu Generation ein maritimes Dasein.<\/h4>\n[\/vc_column_text][vc_empty_space height=&#8220;15px&#8220;][vc_column_text color=&#8220;palette-31&#8243;]VT ist ein unabh\u00e4ngiges Unternehmen mit engagierten Mitarbeitern. Viele leben von Generation zu Generation ein maritimes Dasein. Durch innovative und zuverl\u00e4ssige Dienstleistungen bietet VT optimale Unterst\u00fctzung f\u00fcr Transport und Bunkerung mit hochqualifiziertem Personal und einwandfreiem Equipment. VT ist haupts\u00e4chlich in europ\u00e4ischen Gew\u00e4ssern (ARA-Gebiet, alle Rheinanrainerstaaten und Schweden) aktiv und hat auch Niederlassungen in Panama, Spanien und Oman.[\/vc_column_text][vc_empty_space][\/vc_column_inner][vc_column_inner width=&#8220;1\/4&#8243; css=&#8220;.vc_custom_1652779404991{padding-left: 15px !important;}&#8220;][vc_empty_space][vc_column_text]\n<h3>Informieren Sie sich \u00fcber weitere m\u00f6gliche Positionen<\/h3>\n[\/vc_column_text][vc_empty_space]<div class=\"theme-button-wrap theme-button-expanded-wrap\"><a href=\"https:\/\/vt.devn.nl\/de\/kontakt\/\" class=\"vcex-button theme-button expanded expanded\"><span class=\"theme-button-inner\">Kontaktiere uns<\/span><\/a><\/div> [\/vc_column_inner][\/vc_row_inner][\/vc_column][\/vc_row][vc_row full_width=&#8220;stretch_row&#8220; remove_bottom_col_margin=&#8220;true&#8220; css=&#8220;.vc_custom_1694075680936{background-color: #d0d6db !important;}&#8220;][vc_column][vc_column_text]\n<h2>Job<\/h2>\n[\/vc_column_text]<div class=\"vcex-module vcex-divider vcex-divider-solid wpex-my-15 vcex-divider-left wpex-float-left wpex-max-w-100 wpex-mx-auto wpex-block wpex-h-0 wpex-border-b wpex-border-solid wpex-border-main\" style=\"width:4%;border-bottom-width:2px;border-color:var(--wpex-palette-30-color);\"><\/div><div class=\"vcex-clear--divider wpex-clear\"><\/div>[vc_empty_space]<div class=\"vcex-module vcex-post-type-grid-wrap wpex-clr\"><div class=\"wpex-row vcex-post-type-grid entries wpex-clr match-height-grid\"><div class=\"vcex-post-type-entry vcex-grid-item wpex-clr col span_1_of_2 col-1 post-2894 entry type-vacatures no-media\"><div class=\"vcex-post-type-entry-inner entry-inner wpex-first-mt-0 wpex-last-mb-0 wpex-clr\"><div class=\"vcex-post-type-entry-details entry-details wpex-boxed wpex-first-mt-0 wpex-last-mb-0 wpex-clr\"><div class=\"match-height-content\"><h2 class=\"vcex-post-type-entry-title entry-title wpex-mb-5\" ><a href=\"https:\/\/vtgroup.nl\/de\/vacatures\/kapitaen\/\">Kapit\u00e4n<\/a><\/h2 ><div class=\"vcex-post-type-entry-excerpt entry-excerpt wpex-my-15 wpex-last-mb-0 wpex-clr\"><p>Jobbeschreibung Der Skipper hat eine F\u00fchrungsposition an Bord, in der er direkt dem Kapit\u00e4n unterstellt ist. Der Skipper muss in&hellip;<\/p><\/div><div class=\"vcex-post-type-entry-readmore-wrap entry-readmore-wrap wpex-my-15 wpex-clr\"><a href=\"https:\/\/vtgroup.nl\/de\/vacatures\/kapitaen\/\" class=\"theme-button\" aria-label=\"Mehr Lesen about Kapit\u00e4n\">Mehr Lesen<\/a><\/div><\/div><\/div><\/div><\/div><div class=\"vcex-post-type-entry vcex-grid-item wpex-clr col span_1_of_2 col-2 post-2891 entry type-vacatures no-media\"><div class=\"vcex-post-type-entry-inner entry-inner wpex-first-mt-0 wpex-last-mb-0 wpex-clr\"><div class=\"vcex-post-type-entry-details entry-details wpex-boxed wpex-first-mt-0 wpex-last-mb-0 wpex-clr\"><div class=\"match-height-content\"><h2 class=\"vcex-post-type-entry-title entry-title wpex-mb-5\" ><a href=\"https:\/\/vtgroup.nl\/de\/vacatures\/seemann\/\">Seemann<\/a><\/h2 ><div class=\"vcex-post-type-entry-excerpt entry-excerpt wpex-my-15 wpex-last-mb-0 wpex-clr\"><p>Jobbeschreibung Das Matrosen-\/Komplettsegler-\/Steuermann-Servicebuch hat eine Unterst\u00fctzungsfunktion an Bord, wo es direkt dem Ersten Offizier, Skipper oder Kapit\u00e4n unterstellt ist. Segler\/Full&hellip;<\/p><\/div><div class=\"vcex-post-type-entry-readmore-wrap entry-readmore-wrap wpex-my-15 wpex-clr\"><a href=\"https:\/\/vtgroup.nl\/de\/vacatures\/seemann\/\" class=\"theme-button\" aria-label=\"Mehr Lesen about Seemann\">Mehr Lesen<\/a><\/div><\/div><\/div><\/div><\/div><div class=\"vcex-post-type-entry vcex-grid-item wpex-clr col span_1_of_2 col-1 post-2888 entry type-vacatures no-media\"><div class=\"vcex-post-type-entry-inner entry-inner wpex-first-mt-0 wpex-last-mb-0 wpex-clr\"><div class=\"vcex-post-type-entry-details entry-details wpex-boxed wpex-first-mt-0 wpex-last-mb-0 wpex-clr\"><div class=\"match-height-content\"><h2 class=\"vcex-post-type-entry-title entry-title wpex-mb-5\" ><a href=\"https:\/\/vtgroup.nl\/de\/vacatures\/lehrling-seemann\/\">Lehrling Seemann<\/a><\/h2 ><div class=\"vcex-post-type-entry-excerpt entry-excerpt wpex-my-15 wpex-last-mb-0 wpex-clr\"><p>Jobbeschreibung VT ist ein anerkannter Ausbildungsbetrieb und ein geeigneter Ort, um Ihre BBL-Ausbildung in der Praxis anzuwenden. F\u00fcr Ihre BBL-Ausbildung&hellip;<\/p><\/div><div class=\"vcex-post-type-entry-readmore-wrap entry-readmore-wrap wpex-my-15 wpex-clr\"><a href=\"https:\/\/vtgroup.nl\/de\/vacatures\/lehrling-seemann\/\" class=\"theme-button\" aria-label=\"Mehr Lesen about Lehrling Seemann\">Mehr Lesen<\/a><\/div><\/div><\/div><\/div><\/div><\/div><\/div>[\/vc_column][\/vc_row][vc_row full_width=&#8220;stretch_row&#8220; remove_bottom_col_margin=&#8220;true&#8220;][vc_column][vc_column_text]\n<h2>Sei inspiriert<\/h2>\n[\/vc_column_text]<div class=\"vcex-module vcex-divider vcex-divider-solid wpex-my-15 vcex-divider-left wpex-float-left wpex-max-w-100 wpex-mx-auto wpex-block wpex-h-0 wpex-border-b wpex-border-solid wpex-border-main\" style=\"width:4%;border-bottom-width:2px;border-color:var(--wpex-palette-30-color);\"><\/div><div class=\"vcex-clear--divider wpex-clear\"><\/div>[vc_empty_space][vc_row_inner][vc_column_inner width=&#8220;1\/2&#8243;][vc_video link=&#8220;https:\/\/www.youtube.com\/watch?v=GdfAqLSgTnU&#8220; align=&#8220;center&#8220;][\/vc_column_inner][vc_column_inner width=&#8220;1\/2&#8243;][vc_video link=&#8220;https:\/\/www.youtube.com\/shorts\/LENdHeP_IM8&#8243; align=&#8220;center&#8220;][\/vc_column_inner][\/vc_row_inner][\/vc_column][\/vc_row]\n","protected":false},"excerpt":{"rendered":"<p>[vc_row full_width=&#8220;stretch_row&#8220; wpex_bg_overlay=&#8220;dark&#8220; min_height=&#8220;650px&#8220; wpex_bg_overlay_opacity=&#8220;.15&#8243; css=&#8220;.vc_custom_1662367442298{background-image: url(https:\/\/vtgroup.nl\/wp-content\/uploads\/2022\/04\/jobs3.jpg?id=788) !important;background-position: center !important;background-repeat: no-repeat !important;background-size: cover !important;}&#8220; wpex_zindex=&#8220;-1&#8243;][vc_column][\/vc_column][\/vc_row][vc_row remove_bottom_col_margin=&#8220;true&#8220; css=&#8220;.vc_custom_1651217443947{margin-top: -200px !important;}&#8220;][vc_column][vc_column_text color=&#8220;palette-31&#8243;] Arbeiten bei einem unabh\u00e4ngigen Tankschifffahrtsunternehmen stark, mit engagierten Mitarbeitern [\/vc_column_text][vc_empty_space][vc_row_inner content_placement=&#8220;bottom&#8220;][vc_column_inner width=&#8220;3\/4&#8243; css=&#8220;.vc_custom_1652779589133{margin-right: 15px !important;margin-left: 15px !important;padding-right: 35px !important;padding-left: 35px !important;background-color: #000000 !important;}&#8220;][vc_empty_space][vc_column_text color=&#8220;palette-31&#8243;] VT ist ein unabh\u00e4ngiges Unternehmen mit engagierten Mitarbeitern. Viele leben von&hellip;<\/p>\n","protected":false},"author":10,"featured_media":0,"parent":0,"menu_order":0,"comment_status":"closed","ping_status":"closed","template":"","meta":{"footnotes":""},"class_list":["post-1664","page","type-page","status-publish","hentry","entry","no-media"],"yoast_head":"<!-- This site is optimized with the Yoast SEO plugin v27.4 - https:\/\/yoast.com\/product\/yoast-seo-wordpress\/ -->\n<title>Job - VT Group<\/title>\n<meta name=\"robots\" content=\"index, follow, max-snippet:-1, max-image-preview:large, max-video-preview:-1\" \/>\n<link rel=\"canonical\" href=\"https:\/\/vtgroup.nl\/de\/job\/\" \/>\n<meta property=\"og:locale\" content=\"de_DE\" \/>\n<meta property=\"og:type\" content=\"article\" \/>\n<meta property=\"og:title\" content=\"Job - VT Group\" \/>\n<meta property=\"og:description\" content=\"[vc_row full_width=&#8220;stretch_row&#8220; wpex_bg_overlay=&#8220;dark&#8220; min_height=&#8220;650px&#8220; wpex_bg_overlay_opacity=&#8220;.15&#8243; css=&#8220;.vc_custom_1662367442298{background-image: url(https:\/\/vtgroup.nl\/wp-content\/uploads\/2022\/04\/jobs3.jpg?id=788) !important;background-position: center !important;background-repeat: no-repeat !important;background-size: cover !important;}&#8220; wpex_zindex=&#8220;-1&#8243;][vc_column][\/vc_column][\/vc_row][vc_row remove_bottom_col_margin=&#8220;true&#8220; css=&#8220;.vc_custom_1651217443947{margin-top: -200px !important;}&#8220;][vc_column][vc_column_text color=&#8220;palette-31&#8243;] Arbeiten bei einem unabh\u00e4ngigen Tankschifffahrtsunternehmen stark, mit engagierten Mitarbeitern [\/vc_column_text][vc_empty_space][vc_row_inner content_placement=&#8220;bottom&#8220;][vc_column_inner width=&#8220;3\/4&#8243; css=&#8220;.vc_custom_1652779589133{margin-right: 15px !important;margin-left: 15px !important;padding-right: 35px !important;padding-left: 35px !important;background-color: #000000 !important;}&#8220;][vc_empty_space][vc_column_text color=&#8220;palette-31&#8243;] VT ist ein unabh\u00e4ngiges Unternehmen mit engagierten Mitarbeitern. Viele leben von&hellip;\" \/>\n<meta property=\"og:url\" content=\"https:\/\/vtgroup.nl\/de\/job\/\" \/>\n<meta property=\"og:site_name\" content=\"VT Group\" \/>\n<meta property=\"article:modified_time\" content=\"2024-07-29T11:12:22+00:00\" \/>\n<meta name=\"twitter:card\" content=\"summary_large_image\" \/>\n<meta name=\"twitter:label1\" content=\"Gesch\u00e4tzte Lesezeit\" \/>\n\t<meta name=\"twitter:data1\" content=\"1\u00a0Minute\" \/>\n<script type=\"application\/ld+json\" class=\"yoast-schema-graph\">{\"@context\":\"https:\\\/\\\/schema.org\",\"@graph\":[{\"@type\":\"WebPage\",\"@id\":\"https:\\\/\\\/vtgroup.nl\\\/de\\\/job\\\/\",\"url\":\"https:\\\/\\\/vtgroup.nl\\\/de\\\/job\\\/\",\"name\":\"Job - VT Group\",\"isPartOf\":{\"@id\":\"https:\\\/\\\/vtgroup.nl\\\/de\\\/#website\"},\"datePublished\":\"2022-04-19T11:38:27+00:00\",\"dateModified\":\"2024-07-29T11:12:22+00:00\",\"breadcrumb\":{\"@id\":\"https:\\\/\\\/vtgroup.nl\\\/de\\\/job\\\/#breadcrumb\"},\"inLanguage\":\"de\",\"potentialAction\":[{\"@type\":\"ReadAction\",\"target\":[\"https:\\\/\\\/vtgroup.nl\\\/de\\\/job\\\/\"]}]},{\"@type\":\"BreadcrumbList\",\"@id\":\"https:\\\/\\\/vtgroup.nl\\\/de\\\/job\\\/#breadcrumb\",\"itemListElement\":[{\"@type\":\"ListItem\",\"position\":1,\"name\":\"Home\",\"item\":\"https:\\\/\\\/vtgroup.nl\\\/de\\\/\"},{\"@type\":\"ListItem\",\"position\":2,\"name\":\"Job\"}]},{\"@type\":\"WebSite\",\"@id\":\"https:\\\/\\\/vtgroup.nl\\\/de\\\/#website\",\"url\":\"https:\\\/\\\/vtgroup.nl\\\/de\\\/\",\"name\":\"VT Group\",\"description\":\"\",\"publisher\":{\"@id\":\"https:\\\/\\\/vtgroup.nl\\\/de\\\/#organization\"},\"potentialAction\":[{\"@type\":\"SearchAction\",\"target\":{\"@type\":\"EntryPoint\",\"urlTemplate\":\"https:\\\/\\\/vtgroup.nl\\\/de\\\/?s={search_term_string}\"},\"query-input\":{\"@type\":\"PropertyValueSpecification\",\"valueRequired\":true,\"valueName\":\"search_term_string\"}}],\"inLanguage\":\"de\"},{\"@type\":\"Organization\",\"@id\":\"https:\\\/\\\/vtgroup.nl\\\/de\\\/#organization\",\"name\":\"VT Group\",\"url\":\"https:\\\/\\\/vtgroup.nl\\\/de\\\/\",\"logo\":{\"@type\":\"ImageObject\",\"inLanguage\":\"de\",\"@id\":\"https:\\\/\\\/vtgroup.nl\\\/de\\\/#\\\/schema\\\/logo\\\/image\\\/\",\"url\":\"https:\\\/\\\/vtgroup.nl\\\/wp-content\\\/uploads\\\/2022\\\/04\\\/VTGroup-logo-white-retina.png\",\"contentUrl\":\"https:\\\/\\\/vtgroup.nl\\\/wp-content\\\/uploads\\\/2022\\\/04\\\/VTGroup-logo-white-retina.png\",\"width\":1200,\"height\":645,\"caption\":\"VT Group\"},\"image\":{\"@id\":\"https:\\\/\\\/vtgroup.nl\\\/de\\\/#\\\/schema\\\/logo\\\/image\\\/\"}}]}<\/script>\n<!-- \/ Yoast SEO plugin. -->","yoast_head_json":{"title":"Job - VT Group","robots":{"index":"index","follow":"follow","max-snippet":"max-snippet:-1","max-image-preview":"max-image-preview:large","max-video-preview":"max-video-preview:-1"},"canonical":"https:\/\/vtgroup.nl\/de\/job\/","og_locale":"de_DE","og_type":"article","og_title":"Job - VT Group","og_description":"[vc_row full_width=&#8220;stretch_row&#8220; wpex_bg_overlay=&#8220;dark&#8220; min_height=&#8220;650px&#8220; wpex_bg_overlay_opacity=&#8220;.15&#8243; css=&#8220;.vc_custom_1662367442298{background-image: url(https:\/\/vtgroup.nl\/wp-content\/uploads\/2022\/04\/jobs3.jpg?id=788) !important;background-position: center !important;background-repeat: no-repeat !important;background-size: cover !important;}&#8220; wpex_zindex=&#8220;-1&#8243;][vc_column][\/vc_column][\/vc_row][vc_row remove_bottom_col_margin=&#8220;true&#8220; css=&#8220;.vc_custom_1651217443947{margin-top: -200px !important;}&#8220;][vc_column][vc_column_text color=&#8220;palette-31&#8243;] Arbeiten bei einem unabh\u00e4ngigen Tankschifffahrtsunternehmen stark, mit engagierten Mitarbeitern [\/vc_column_text][vc_empty_space][vc_row_inner content_placement=&#8220;bottom&#8220;][vc_column_inner width=&#8220;3\/4&#8243; css=&#8220;.vc_custom_1652779589133{margin-right: 15px !important;margin-left: 15px !important;padding-right: 35px !important;padding-left: 35px !important;background-color: #000000 !important;}&#8220;][vc_empty_space][vc_column_text color=&#8220;palette-31&#8243;] VT ist ein unabh\u00e4ngiges Unternehmen mit engagierten Mitarbeitern. Viele leben von&hellip;","og_url":"https:\/\/vtgroup.nl\/de\/job\/","og_site_name":"VT Group","article_modified_time":"2024-07-29T11:12:22+00:00","twitter_card":"summary_large_image","twitter_misc":{"Gesch\u00e4tzte Lesezeit":"1\u00a0Minute"},"schema":{"@context":"https:\/\/schema.org","@graph":[{"@type":"WebPage","@id":"https:\/\/vtgroup.nl\/de\/job\/","url":"https:\/\/vtgroup.nl\/de\/job\/","name":"Job - VT Group","isPartOf":{"@id":"https:\/\/vtgroup.nl\/de\/#website"},"datePublished":"2022-04-19T11:38:27+00:00","dateModified":"2024-07-29T11:12:22+00:00","breadcrumb":{"@id":"https:\/\/vtgroup.nl\/de\/job\/#breadcrumb"},"inLanguage":"de","potentialAction":[{"@type":"ReadAction","target":["https:\/\/vtgroup.nl\/de\/job\/"]}]},{"@type":"BreadcrumbList","@id":"https:\/\/vtgroup.nl\/de\/job\/#breadcrumb","itemListElement":[{"@type":"ListItem","position":1,"name":"Home","item":"https:\/\/vtgroup.nl\/de\/"},{"@type":"ListItem","position":2,"name":"Job"}]},{"@type":"WebSite","@id":"https:\/\/vtgroup.nl\/de\/#website","url":"https:\/\/vtgroup.nl\/de\/","name":"VT Group","description":"","publisher":{"@id":"https:\/\/vtgroup.nl\/de\/#organization"},"potentialAction":[{"@type":"SearchAction","target":{"@type":"EntryPoint","urlTemplate":"https:\/\/vtgroup.nl\/de\/?s={search_term_string}"},"query-input":{"@type":"PropertyValueSpecification","valueRequired":true,"valueName":"search_term_string"}}],"inLanguage":"de"},{"@type":"Organization","@id":"https:\/\/vtgroup.nl\/de\/#organization","name":"VT Group","url":"https:\/\/vtgroup.nl\/de\/","logo":{"@type":"ImageObject","inLanguage":"de","@id":"https:\/\/vtgroup.nl\/de\/#\/schema\/logo\/image\/","url":"https:\/\/vtgroup.nl\/wp-content\/uploads\/2022\/04\/VTGroup-logo-white-retina.png","contentUrl":"https:\/\/vtgroup.nl\/wp-content\/uploads\/2022\/04\/VTGroup-logo-white-retina.png","width":1200,"height":645,"caption":"VT Group"},"image":{"@id":"https:\/\/vtgroup.nl\/de\/#\/schema\/logo\/image\/"}}]}},"_links":{"self":[{"href":"https:\/\/vtgroup.nl\/de\/wp-json\/wp\/v2\/pages\/1664","targetHints":{"allow":["GET"]}}],"collection":[{"href":"https:\/\/vtgroup.nl\/de\/wp-json\/wp\/v2\/pages"}],"about":[{"href":"https:\/\/vtgroup.nl\/de\/wp-json\/wp\/v2\/types\/page"}],"author":[{"embeddable":true,"href":"https:\/\/vtgroup.nl\/de\/wp-json\/wp\/v2\/users\/10"}],"replies":[{"embeddable":true,"href":"https:\/\/vtgroup.nl\/de\/wp-json\/wp\/v2\/comments?post=1664"}],"version-history":[{"count":23,"href":"https:\/\/vtgroup.nl\/de\/wp-json\/wp\/v2\/pages\/1664\/revisions"}],"predecessor-version":[{"id":3234,"href":"https:\/\/vtgroup.nl\/de\/wp-json\/wp\/v2\/pages\/1664\/revisions\/3234"}],"wp:attachment":[{"href":"https:\/\/vtgroup.nl\/de\/wp-json\/wp\/v2\/media?parent=1664"}],"curies":[{"name":"wp","href":"https:\/\/api.w.org\/{rel}","templated":true}]}}