{"id":1639,"date":"2022-04-19T13:37:28","date_gmt":"2022-04-19T11:37:28","guid":{"rendered":"https:\/\/dev.2fishes.co.za\/vtgroup\/dienstleistungen\/"},"modified":"2023-09-07T10:38:07","modified_gmt":"2023-09-07T08:38:07","slug":"dienstleistungen","status":"publish","type":"page","link":"https:\/\/vtgroup.nl\/de\/dienstleistungen\/","title":{"rendered":"Dienstleistungen"},"content":{"rendered":"[vc_row full_width=&#8220;stretch_row&#8220; wpex_bg_overlay=&#8220;dark&#8220; min_height=&#8220;650px&#8220; css=&#8220;.vc_custom_1662367468235{background-image: url(https:\/\/vtgroup.nl\/wp-content\/uploads\/2022\/04\/services.jpg?id=692) !important;background-position: center !important;background-repeat: no-repeat !important;background-size: cover !important;}&#8220; wpex_bg_overlay_opacity=&#8220;.15&#8243; wpex_zindex=&#8220;-1&#8243;][vc_column][\/vc_column][\/vc_row][vc_row remove_bottom_col_margin=&#8220;true&#8220; css=&#8220;.vc_custom_1651149750633{margin-top: -200px !important;}&#8220;][vc_column][vc_column_text color=&#8220;palette-31&#8243;]\n<h1>Spezialisiert auf Seeverkehr,<br \/>\nBunkern und Flottenmanagement<\/h1>\n[\/vc_column_text][vc_empty_space][vc_row_inner content_placement=&#8220;bottom&#8220; gap=&#8220;30&#8243;][vc_column_inner width=&#8220;3\/4&#8243; css=&#8220;.vc_custom_1662448952999{margin-right: 15px !important;margin-left: 15px !important;padding-right: 35px !important;padding-left: 35px !important;background-color: #0c99d7 !important;}&#8220;][vc_empty_space][vc_column_text color=&#8220;palette-31&#8243;]\n<h4>Wir sind eine internationale Tankerreederei, die sich auf den Transport und das Bunkern von Mineral\u00f6len, chemischen Produkten, (Bio-)Kraftstoffen und Schmier\u00f6len spezialisiert hat.<\/h4>\n[\/vc_column_text][vc_empty_space height=&#8220;15px&#8220;][vc_column_text color=&#8220;palette-31&#8243;]Neben dem Transport von Chemikalien und der Kraftstoffversorgung haben wir uns auch auf das Flottenmanagement f\u00fcr Schiffseigner spezialisiert.[\/vc_column_text][vc_empty_space][\/vc_column_inner][vc_column_inner width=&#8220;1\/4&#8243;][\/vc_column_inner][\/vc_row_inner][\/vc_column][\/vc_row][vc_row visibility=&#8220;visible-desktop-large&#8220;][vc_column][vc_row_inner][vc_column_inner width=&#8220;1\/4&#8243;]<div class=\"vcex-module vcex-divider vcex-divider-solid vcex-divider-center wpex-float-center wpex-max-w-100 wpex-mx-auto wpex-block wpex-h-0 wpex-border-b wpex-border-solid wpex-border-main\" style=\"width:100%;border-bottom-width:12px;border-color:var(--wpex-palette-27-color);\"><\/div>[\/vc_column_inner][vc_column_inner width=&#8220;1\/4&#8243;]<div class=\"vcex-module vcex-divider vcex-divider-solid vcex-divider-center wpex-float-center wpex-max-w-100 wpex-mx-auto wpex-block wpex-h-0 wpex-border-b wpex-border-solid wpex-border-main\" style=\"width:100%;border-bottom-width:12px;border-color:var(--wpex-palette-28-color);\"><\/div>[\/vc_column_inner][vc_column_inner width=&#8220;1\/4&#8243;]<div class=\"vcex-module vcex-divider vcex-divider-solid vcex-divider-center wpex-float-center wpex-max-w-100 wpex-mx-auto wpex-block wpex-h-0 wpex-border-b wpex-border-solid wpex-border-main\" style=\"width:100%;border-bottom-width:12px;border-color:var(--wpex-palette-29-color);\"><\/div>[\/vc_column_inner][vc_column_inner width=&#8220;1\/4&#8243;]<div class=\"vcex-module vcex-divider vcex-divider-solid vcex-divider-center wpex-float-center wpex-max-w-100 wpex-mx-auto wpex-block wpex-h-0 wpex-border-b wpex-border-solid wpex-border-main\" style=\"width:100%;border-bottom-width:12px;border-color:var(--wpex-palette-30-color);\"><\/div>[\/vc_column_inner][\/vc_row_inner][\/vc_column][\/vc_row][vc_row][vc_column][vc_column_text]\n<h2><strong>Bunkern<\/strong><\/h2>\n[\/vc_column_text]<div class=\"vcex-module vcex-divider vcex-divider-solid wpex-my-15 vcex-divider-left wpex-float-left wpex-max-w-100 wpex-mx-auto wpex-block wpex-h-0 wpex-border-b wpex-border-solid wpex-border-main\" style=\"width:4%;border-bottom-width:2px;border-color:var(--wpex-palette-30-color);\"><\/div><div class=\"vcex-clear--divider wpex-clear\"><\/div>[vc_column_text]\n<h3>VT ist traditionell einer der gr\u00f6\u00dften Player im Bunkering.<\/h3>\n[\/vc_column_text][vc_empty_space height=&#8220;15px&#8220;][vc_column_text]Seit mehr als einem Jahrhundert beliefern wir gro\u00dfe Seeschiffe mit verschiedenen Kraft- und Schmierstoffen. Seit 2016 haben wir unser Angebot um die Option zum Bunkern von Natronlauge (bestimmt f\u00fcr W\u00e4scher) erweitert. Wir sind jetzt im ARA-Gebiet (einschlie\u00dflich Vlissingen, Moerdijk und IJmuiden) sowie in Panama, Spanien und Oman aktiv.<\/p>\n<p>Alle unsere Schiffe sind mit Heizschlangen in Kombination mit modernen Radarsystemen zur Messung des Tankinhalts ausgestattet. Zus\u00e4tzlich wird das Bunkern durch den Einsatz eines hydraulischen Bunkerauslegers beschleunigt und sicherer gemacht, der den Bunkerschlauch zu den Verteilern schnell und fernsteuern kann.<\/p>\n<p>Sieben unserer Mineralbunkerschiffe sind mit einem NMI-zertifizierten Massendurchflussmessersystem ausgestattet.<\/p>\n<p>Die Kombination aus qualifiziertem Personal, fortschrittlichen Messsystemen, CCTV und moderner Software gew\u00e4hrleistet Transparenz und Genauigkeit f\u00fcr unsere Kunden.[\/vc_column_text][vc_empty_space][vc_row_inner equal_height=&#8220;yes&#8220;][vc_column_inner]\n\t\t\t<!-- START Services REVOLUTION SLIDER 6.6.14 --><p class=\"rs-p-wp-fix\"><\/p>\n\t\t\t<rs-module-wrap id=\"rev_slider_3_1_wrapper\" data-source=\"gallery\" style=\"visibility:hidden;background:transparent;padding:0;margin:0px auto;margin-top:0;margin-bottom:0;\">\n\t\t\t\t<rs-module id=\"rev_slider_3_1\" style=\"\" data-version=\"6.6.14\">\n\t\t\t\t\t<rs-slides style=\"overflow: hidden; position: absolute;\">\n\t\t\t\t\t\t<rs-slide style=\"position: absolute;\" data-key=\"rs-3\" data-title=\"Slide\" data-anim=\"adpr:false;\" data-in=\"o:0;\" data-out=\"a:false;\">\n\t\t\t\t\t\t\t<img decoding=\"async\" src=\"\/\/vtgroup.nl\/wp-content\/plugins\/revslider\/public\/assets\/assets\/dummy.png\" alt=\"\" title=\"Dienstleistungen\" class=\"rev-slidebg tp-rs-img rs-lazyload\" data-lazyload=\"\/\/vtgroup.nl\/wp-content\/plugins\/revslider\/public\/assets\/assets\/transparent.png\" data-no-retina>\n\t\t\t\t\t\t\t<rs-bgvideo \n\t\t\t\t\t\t\t\tdata-video=\"w:100%;h:100%;nse:false;l:true;ptimer:false;vfc:true;\"\n\t\t\t\t\t\t\t\tdata-mp4=\"\/\/vt.devn.nl\/wp-content\/uploads\/2022\/06\/VTGROUP-Bunkeren.mp4\"\n\t\t\t\t\t\t\t><\/rs-bgvideo>\n<!---->\t\t\t\t\t\t<\/rs-slide>\n\t\t\t\t\t<\/rs-slides>\n\t\t\t\t<\/rs-module>\n\t\t\t\t<script>\n\t\t\t\t\tsetREVStartSize({c: 'rev_slider_3_1',rl:[1240,1024,778,480],el:[900],gw:[1240],gh:[900],type:'hero',justify:'',layout:'fullwidth',mh:\"0\"});if (window.RS_MODULES!==undefined && window.RS_MODULES.modules!==undefined && window.RS_MODULES.modules[\"revslider31\"]!==undefined) {window.RS_MODULES.modules[\"revslider31\"].once = false;window.revapi3 = undefined;if (window.RS_MODULES.checkMinimal!==undefined) window.RS_MODULES.checkMinimal()}\n\t\t\t\t<\/script>\n\t\t\t<\/rs-module-wrap>\n\t\t\t<!-- END REVOLUTION SLIDER -->\n[\/vc_column_inner][\/vc_row_inner][\/vc_column][\/vc_row][vc_row full_width=&#8220;stretch_row&#8220; wpex_fixed_bg=&#8220;fixed&#8220; min_height=&#8220;650px&#8220; css=&#8220;.vc_custom_1656335662621{background-image: url(https:\/\/vtgroup.nl\/wp-content\/uploads\/2022\/04\/transport.jpg?id=712) !important;background-position: center !important;background-repeat: no-repeat !important;background-size: cover !important;}&#8220;][vc_column][\/vc_column][\/vc_row][vc_row css=&#8220;.vc_custom_1651150248458{margin-top: -150px !important;}&#8220;][vc_column][vc_empty_space][vc_row_inner equal_height=&#8220;yes&#8220;][vc_column_inner width=&#8220;1\/4&#8243;][\/vc_column_inner][vc_column_inner width=&#8220;3\/4&#8243; css=&#8220;.vc_custom_1651150611495{padding-right: 35px !important;padding-left: 35px !important;background-color: rgba(0,0,0,0.82) !important;*background-color: rgb(0,0,0) !important;}&#8220;][vc_empty_space height=&#8220;20px&#8220;][vc_column_text color=&#8220;palette-31&#8243;]\n<h2><strong>Transport<\/strong><\/h2>\n[\/vc_column_text]<div class=\"vcex-module vcex-divider vcex-divider-solid wpex-my-15 vcex-divider-left wpex-float-left wpex-max-w-100 wpex-mx-auto wpex-block wpex-h-0 wpex-border-b wpex-border-solid wpex-border-main\" style=\"width:4%;border-bottom-width:2px;border-color:var(--wpex-palette-31-color);\"><\/div><div class=\"vcex-clear--divider wpex-clear\"><\/div>[vc_column_text color=&#8220;palette-31&#8243;]\n<h3>We take care of the transport of both white and black mineral products, biofuels and chemical products for several parties.Wir k\u00fcmmern uns um den Transport von sowohl wei\u00dfen als auch schwarzen Mineralprodukten, Biokraftstoffen und chemischen Produkten f\u00fcr mehrere Parteien.<\/h3>\n[\/vc_column_text][vc_empty_space height=&#8220;15px&#8220;][vc_column_text color=&#8220;palette-31&#8243;]Diese Transporte variieren je nach Standort und umfassen in der Regel den Transport von Rohstoffen f\u00fcr Chemieanlagen oder den Transport von Produkten zu Lagern oder Raffinerien.[\/vc_column_text][vc_empty_space][vc_empty_space][\/vc_column_inner][\/vc_row_inner][\/vc_column][\/vc_row][vc_row][vc_column][vc_empty_space][vc_row_inner equal_height=&#8220;yes&#8220;][vc_column_inner width=&#8220;2\/3&#8243;][vc_column_text]\n<h2><strong>Flottenmanagement<\/strong><\/h2>\n[\/vc_column_text]<div class=\"vcex-module vcex-divider vcex-divider-solid wpex-my-15 vcex-divider-left wpex-float-left wpex-max-w-100 wpex-mx-auto wpex-block wpex-h-0 wpex-border-b wpex-border-solid wpex-border-main\" style=\"width:4%;border-bottom-width:2px;border-color:var(--wpex-palette-30-color);\"><\/div><div class=\"vcex-clear--divider wpex-clear\"><\/div>[vc_column_text]\n<h3>VT verf\u00fcgt \u00fcber langj\u00e4hrige Erfahrung im Flottenmanagement f\u00fcr Reeder oder andere Dritte.<\/h3>\n[\/vc_column_text][vc_empty_space height=&#8220;15px&#8220;][vc_column_text]\n<h4>Dank unserer Kenntnisse im kaufm\u00e4nnischen, technischen, Crew- und Qualit\u00e4tsmanagement f\u00fcr den maritimen Betrieb k\u00f6nnen wir Schiffseignern ein breites Spektrum an Dienstleistungen, Beratung und Beratung anbieten:<\/h4>\n[\/vc_column_text][vc_empty_space height=&#8220;15px&#8220;]<div class=\"vcex-list_item vcex-module wpex-max-w-100 wpex-clr wpex-mb-5 || icons\"><div class=\"vcex-list-item-inner wpex-inline-flex wpex-flex-no-wrap\"><div class=\"vcex-list-item-icon wpex-mr-10\"><div class=\"vcex-icon-wrap wpex-inline-flex wpex-justify-center wpex-items-center\" style=\"color:var(--wpex-palette-27-color);\"><span class=\"ticon ticon-circle\" aria-hidden=\"true\"><\/span><\/div><\/div><div class=\"vcex-list-item-text vcex-content wpex-flex-grow\">Aufbau oder Verbesserung von Qualit\u00e4tssystemen<\/div><\/div><\/div><div class=\"vcex-list_item vcex-module wpex-max-w-100 wpex-clr wpex-mb-5 || icons\"><div class=\"vcex-list-item-inner wpex-inline-flex wpex-flex-no-wrap\"><div class=\"vcex-list-item-icon wpex-mr-10\"><div class=\"vcex-icon-wrap wpex-inline-flex wpex-justify-center wpex-items-center\" style=\"color:var(--wpex-palette-28-color);\"><span class=\"ticon ticon-circle\" aria-hidden=\"true\"><\/span><\/div><\/div><div class=\"vcex-list-item-text vcex-content wpex-flex-grow\">Organisation der Befrachtung<\/div><\/div><\/div><div class=\"vcex-list_item vcex-module wpex-max-w-100 wpex-clr wpex-mb-5 || icons\"><div class=\"vcex-list-item-inner wpex-inline-flex wpex-flex-no-wrap\"><div class=\"vcex-list-item-icon wpex-mr-10\"><div class=\"vcex-icon-wrap wpex-inline-flex wpex-justify-center wpex-items-center\" style=\"color:var(--wpex-palette-29-color);\"><span class=\"ticon ticon-circle\" aria-hidden=\"true\"><\/span><\/div><\/div><div class=\"vcex-list-item-text vcex-content wpex-flex-grow\">\u00dcberwachung von Neubauten<\/div><\/div><\/div><div class=\"vcex-list_item vcex-module wpex-max-w-100 wpex-clr wpex-mb-5 || icons\"><div class=\"vcex-list-item-inner wpex-inline-flex wpex-flex-no-wrap\"><div class=\"vcex-list-item-icon wpex-mr-10\"><div class=\"vcex-icon-wrap wpex-inline-flex wpex-justify-center wpex-items-center\" style=\"color:var(--wpex-palette-32-color);\"><span class=\"ticon ticon-circle\" aria-hidden=\"true\"><\/span><\/div><\/div><div class=\"vcex-list-item-text vcex-content wpex-flex-grow\">Rekrutierung, Schulung und Einsatz von Personal<\/div><\/div><\/div><div class=\"vcex-list_item vcex-module wpex-max-w-100 wpex-clr wpex-mb-5 || icons\"><div class=\"vcex-list-item-inner wpex-inline-flex wpex-flex-no-wrap\"><div class=\"vcex-list-item-icon wpex-mr-10\"><div class=\"vcex-icon-wrap wpex-inline-flex wpex-justify-center wpex-items-center\" style=\"color:var(--wpex-palette-30-color);\"><span class=\"ticon ticon-circle\" aria-hidden=\"true\"><\/span><\/div><\/div><div class=\"vcex-list-item-text vcex-content wpex-flex-grow\">\u00dcberwachung und Durchf\u00fchrung von Reparatur- und Wartungsprogrammen<\/div><\/div><\/div>[\/vc_column_inner][vc_column_inner width=&#8220;1\/3&#8243;][\/vc_column_inner][\/vc_row_inner][\/vc_column][\/vc_row]\n","protected":false},"excerpt":{"rendered":"<p>[vc_row full_width=&#8220;stretch_row&#8220; wpex_bg_overlay=&#8220;dark&#8220; min_height=&#8220;650px&#8220; css=&#8220;.vc_custom_1662367468235{background-image: url(https:\/\/vtgroup.nl\/wp-content\/uploads\/2022\/04\/services.jpg?id=692) !important;background-position: center !important;background-repeat: no-repeat !important;background-size: cover !important;}&#8220; wpex_bg_overlay_opacity=&#8220;.15&#8243; wpex_zindex=&#8220;-1&#8243;][vc_column][\/vc_column][\/vc_row][vc_row remove_bottom_col_margin=&#8220;true&#8220; css=&#8220;.vc_custom_1651149750633{margin-top: -200px !important;}&#8220;][vc_column][vc_column_text color=&#8220;palette-31&#8243;] Spezialisiert auf Seeverkehr, Bunkern und Flottenmanagement [\/vc_column_text][vc_empty_space][vc_row_inner content_placement=&#8220;bottom&#8220; gap=&#8220;30&#8243;][vc_column_inner width=&#8220;3\/4&#8243; css=&#8220;.vc_custom_1662448952999{margin-right: 15px !important;margin-left: 15px !important;padding-right: 35px !important;padding-left: 35px !important;background-color: #0c99d7 !important;}&#8220;][vc_empty_space][vc_column_text color=&#8220;palette-31&#8243;] Wir sind eine internationale Tankerreederei, die sich auf den Transport und das Bunkern&hellip;<\/p>\n","protected":false},"author":10,"featured_media":0,"parent":0,"menu_order":0,"comment_status":"closed","ping_status":"closed","template":"","meta":{"footnotes":""},"class_list":["post-1639","page","type-page","status-publish","hentry","entry","no-media"],"yoast_head":"<!-- This site is optimized with the Yoast SEO plugin v27.4 - https:\/\/yoast.com\/product\/yoast-seo-wordpress\/ -->\n<title>Dienstleistungen - VT Group<\/title>\n<meta name=\"robots\" content=\"index, follow, max-snippet:-1, max-image-preview:large, max-video-preview:-1\" \/>\n<link rel=\"canonical\" href=\"https:\/\/vtgroup.nl\/de\/dienstleistungen\/\" \/>\n<meta property=\"og:locale\" content=\"de_DE\" \/>\n<meta property=\"og:type\" content=\"article\" \/>\n<meta property=\"og:title\" content=\"Dienstleistungen - VT Group\" \/>\n<meta property=\"og:description\" content=\"[vc_row full_width=&#8220;stretch_row&#8220; wpex_bg_overlay=&#8220;dark&#8220; min_height=&#8220;650px&#8220; css=&#8220;.vc_custom_1662367468235{background-image: url(https:\/\/vtgroup.nl\/wp-content\/uploads\/2022\/04\/services.jpg?id=692) !important;background-position: center !important;background-repeat: no-repeat !important;background-size: cover !important;}&#8220; wpex_bg_overlay_opacity=&#8220;.15&#8243; wpex_zindex=&#8220;-1&#8243;][vc_column][\/vc_column][\/vc_row][vc_row remove_bottom_col_margin=&#8220;true&#8220; css=&#8220;.vc_custom_1651149750633{margin-top: -200px !important;}&#8220;][vc_column][vc_column_text color=&#8220;palette-31&#8243;] Spezialisiert auf Seeverkehr, Bunkern und Flottenmanagement [\/vc_column_text][vc_empty_space][vc_row_inner content_placement=&#8220;bottom&#8220; gap=&#8220;30&#8243;][vc_column_inner width=&#8220;3\/4&#8243; css=&#8220;.vc_custom_1662448952999{margin-right: 15px !important;margin-left: 15px !important;padding-right: 35px !important;padding-left: 35px !important;background-color: #0c99d7 !important;}&#8220;][vc_empty_space][vc_column_text color=&#8220;palette-31&#8243;] Wir sind eine internationale Tankerreederei, die sich auf den Transport und das Bunkern&hellip;\" \/>\n<meta property=\"og:url\" content=\"https:\/\/vtgroup.nl\/de\/dienstleistungen\/\" \/>\n<meta property=\"og:site_name\" content=\"VT Group\" \/>\n<meta property=\"article:modified_time\" content=\"2023-09-07T08:38:07+00:00\" \/>\n<meta name=\"twitter:card\" content=\"summary_large_image\" \/>\n<meta name=\"twitter:label1\" content=\"Gesch\u00e4tzte Lesezeit\" \/>\n\t<meta name=\"twitter:data1\" content=\"3\u00a0Minuten\" \/>\n<script type=\"application\/ld+json\" class=\"yoast-schema-graph\">{\"@context\":\"https:\\\/\\\/schema.org\",\"@graph\":[{\"@type\":\"WebPage\",\"@id\":\"https:\\\/\\\/vtgroup.nl\\\/de\\\/dienstleistungen\\\/\",\"url\":\"https:\\\/\\\/vtgroup.nl\\\/de\\\/dienstleistungen\\\/\",\"name\":\"Dienstleistungen - VT Group\",\"isPartOf\":{\"@id\":\"https:\\\/\\\/vtgroup.nl\\\/de\\\/#website\"},\"datePublished\":\"2022-04-19T11:37:28+00:00\",\"dateModified\":\"2023-09-07T08:38:07+00:00\",\"breadcrumb\":{\"@id\":\"https:\\\/\\\/vtgroup.nl\\\/de\\\/dienstleistungen\\\/#breadcrumb\"},\"inLanguage\":\"de\",\"potentialAction\":[{\"@type\":\"ReadAction\",\"target\":[\"https:\\\/\\\/vtgroup.nl\\\/de\\\/dienstleistungen\\\/\"]}]},{\"@type\":\"BreadcrumbList\",\"@id\":\"https:\\\/\\\/vtgroup.nl\\\/de\\\/dienstleistungen\\\/#breadcrumb\",\"itemListElement\":[{\"@type\":\"ListItem\",\"position\":1,\"name\":\"Home\",\"item\":\"https:\\\/\\\/vtgroup.nl\\\/de\\\/\"},{\"@type\":\"ListItem\",\"position\":2,\"name\":\"Dienstleistungen\"}]},{\"@type\":\"WebSite\",\"@id\":\"https:\\\/\\\/vtgroup.nl\\\/de\\\/#website\",\"url\":\"https:\\\/\\\/vtgroup.nl\\\/de\\\/\",\"name\":\"VT Group\",\"description\":\"\",\"publisher\":{\"@id\":\"https:\\\/\\\/vtgroup.nl\\\/de\\\/#organization\"},\"potentialAction\":[{\"@type\":\"SearchAction\",\"target\":{\"@type\":\"EntryPoint\",\"urlTemplate\":\"https:\\\/\\\/vtgroup.nl\\\/de\\\/?s={search_term_string}\"},\"query-input\":{\"@type\":\"PropertyValueSpecification\",\"valueRequired\":true,\"valueName\":\"search_term_string\"}}],\"inLanguage\":\"de\"},{\"@type\":\"Organization\",\"@id\":\"https:\\\/\\\/vtgroup.nl\\\/de\\\/#organization\",\"name\":\"VT Group\",\"url\":\"https:\\\/\\\/vtgroup.nl\\\/de\\\/\",\"logo\":{\"@type\":\"ImageObject\",\"inLanguage\":\"de\",\"@id\":\"https:\\\/\\\/vtgroup.nl\\\/de\\\/#\\\/schema\\\/logo\\\/image\\\/\",\"url\":\"https:\\\/\\\/vtgroup.nl\\\/wp-content\\\/uploads\\\/2022\\\/04\\\/VTGroup-logo-white-retina.png\",\"contentUrl\":\"https:\\\/\\\/vtgroup.nl\\\/wp-content\\\/uploads\\\/2022\\\/04\\\/VTGroup-logo-white-retina.png\",\"width\":1200,\"height\":645,\"caption\":\"VT Group\"},\"image\":{\"@id\":\"https:\\\/\\\/vtgroup.nl\\\/de\\\/#\\\/schema\\\/logo\\\/image\\\/\"}}]}<\/script>\n<!-- \/ Yoast SEO plugin. -->","yoast_head_json":{"title":"Dienstleistungen - VT Group","robots":{"index":"index","follow":"follow","max-snippet":"max-snippet:-1","max-image-preview":"max-image-preview:large","max-video-preview":"max-video-preview:-1"},"canonical":"https:\/\/vtgroup.nl\/de\/dienstleistungen\/","og_locale":"de_DE","og_type":"article","og_title":"Dienstleistungen - VT Group","og_description":"[vc_row full_width=&#8220;stretch_row&#8220; wpex_bg_overlay=&#8220;dark&#8220; min_height=&#8220;650px&#8220; css=&#8220;.vc_custom_1662367468235{background-image: url(https:\/\/vtgroup.nl\/wp-content\/uploads\/2022\/04\/services.jpg?id=692) !important;background-position: center !important;background-repeat: no-repeat !important;background-size: cover !important;}&#8220; wpex_bg_overlay_opacity=&#8220;.15&#8243; wpex_zindex=&#8220;-1&#8243;][vc_column][\/vc_column][\/vc_row][vc_row remove_bottom_col_margin=&#8220;true&#8220; css=&#8220;.vc_custom_1651149750633{margin-top: -200px !important;}&#8220;][vc_column][vc_column_text color=&#8220;palette-31&#8243;] Spezialisiert auf Seeverkehr, Bunkern und Flottenmanagement [\/vc_column_text][vc_empty_space][vc_row_inner content_placement=&#8220;bottom&#8220; gap=&#8220;30&#8243;][vc_column_inner width=&#8220;3\/4&#8243; css=&#8220;.vc_custom_1662448952999{margin-right: 15px !important;margin-left: 15px !important;padding-right: 35px !important;padding-left: 35px !important;background-color: #0c99d7 !important;}&#8220;][vc_empty_space][vc_column_text color=&#8220;palette-31&#8243;] Wir sind eine internationale Tankerreederei, die sich auf den Transport und das Bunkern&hellip;","og_url":"https:\/\/vtgroup.nl\/de\/dienstleistungen\/","og_site_name":"VT Group","article_modified_time":"2023-09-07T08:38:07+00:00","twitter_card":"summary_large_image","twitter_misc":{"Gesch\u00e4tzte Lesezeit":"3\u00a0Minuten"},"schema":{"@context":"https:\/\/schema.org","@graph":[{"@type":"WebPage","@id":"https:\/\/vtgroup.nl\/de\/dienstleistungen\/","url":"https:\/\/vtgroup.nl\/de\/dienstleistungen\/","name":"Dienstleistungen - VT Group","isPartOf":{"@id":"https:\/\/vtgroup.nl\/de\/#website"},"datePublished":"2022-04-19T11:37:28+00:00","dateModified":"2023-09-07T08:38:07+00:00","breadcrumb":{"@id":"https:\/\/vtgroup.nl\/de\/dienstleistungen\/#breadcrumb"},"inLanguage":"de","potentialAction":[{"@type":"ReadAction","target":["https:\/\/vtgroup.nl\/de\/dienstleistungen\/"]}]},{"@type":"BreadcrumbList","@id":"https:\/\/vtgroup.nl\/de\/dienstleistungen\/#breadcrumb","itemListElement":[{"@type":"ListItem","position":1,"name":"Home","item":"https:\/\/vtgroup.nl\/de\/"},{"@type":"ListItem","position":2,"name":"Dienstleistungen"}]},{"@type":"WebSite","@id":"https:\/\/vtgroup.nl\/de\/#website","url":"https:\/\/vtgroup.nl\/de\/","name":"VT Group","description":"","publisher":{"@id":"https:\/\/vtgroup.nl\/de\/#organization"},"potentialAction":[{"@type":"SearchAction","target":{"@type":"EntryPoint","urlTemplate":"https:\/\/vtgroup.nl\/de\/?s={search_term_string}"},"query-input":{"@type":"PropertyValueSpecification","valueRequired":true,"valueName":"search_term_string"}}],"inLanguage":"de"},{"@type":"Organization","@id":"https:\/\/vtgroup.nl\/de\/#organization","name":"VT Group","url":"https:\/\/vtgroup.nl\/de\/","logo":{"@type":"ImageObject","inLanguage":"de","@id":"https:\/\/vtgroup.nl\/de\/#\/schema\/logo\/image\/","url":"https:\/\/vtgroup.nl\/wp-content\/uploads\/2022\/04\/VTGroup-logo-white-retina.png","contentUrl":"https:\/\/vtgroup.nl\/wp-content\/uploads\/2022\/04\/VTGroup-logo-white-retina.png","width":1200,"height":645,"caption":"VT Group"},"image":{"@id":"https:\/\/vtgroup.nl\/de\/#\/schema\/logo\/image\/"}}]}},"_links":{"self":[{"href":"https:\/\/vtgroup.nl\/de\/wp-json\/wp\/v2\/pages\/1639","targetHints":{"allow":["GET"]}}],"collection":[{"href":"https:\/\/vtgroup.nl\/de\/wp-json\/wp\/v2\/pages"}],"about":[{"href":"https:\/\/vtgroup.nl\/de\/wp-json\/wp\/v2\/types\/page"}],"author":[{"embeddable":true,"href":"https:\/\/vtgroup.nl\/de\/wp-json\/wp\/v2\/users\/10"}],"replies":[{"embeddable":true,"href":"https:\/\/vtgroup.nl\/de\/wp-json\/wp\/v2\/comments?post=1639"}],"version-history":[{"count":6,"href":"https:\/\/vtgroup.nl\/de\/wp-json\/wp\/v2\/pages\/1639\/revisions"}],"predecessor-version":[{"id":2846,"href":"https:\/\/vtgroup.nl\/de\/wp-json\/wp\/v2\/pages\/1639\/revisions\/2846"}],"wp:attachment":[{"href":"https:\/\/vtgroup.nl\/de\/wp-json\/wp\/v2\/media?parent=1639"}],"curies":[{"name":"wp","href":"https:\/\/api.w.org\/{rel}","templated":true}]}}